{"id":549,"date":"2014-01-07T11:30:53","date_gmt":"2014-01-07T11:30:53","guid":{"rendered":"http:\/\/dev.lpd-themes.com\/123medicine\/?page_id=548"},"modified":"2023-03-16T15:41:00","modified_gmt":"2023-03-16T15:41:00","slug":"nosotros","status":"publish","type":"page","link":"https:\/\/investigacionestecnologicas.com\/?page_id=549","title":{"rendered":"Nosotros"},"content":{"rendered":"<p style=\"text-align: justify;\"><span class=\"dropcap \">D<\/span>esarrollos Cient\u00edficos\u00a0\u00ae admira la sabidur\u00eda de la naturaleza y por tal motivo, hace m\u00e1s de 10 a\u00f1os decidi\u00f3 comprometerse con la investigaci\u00f3n, formulaci\u00f3n y distribuci\u00f3n de productos naturales en diversos medios como: programas de radio, videos, internet y revistas digitales.<\/p>\n<p style=\"text-align: justify;\"><strong>Aprendemos de la Naturaleza y Difundimos su Mensaje<\/strong><\/p>\n<p style=\"text-align: justify;\">Desarrollos Cienti\u00edficos \u00ae no solo ofrece Compras de Confianza, sino que lucha por difundir un mensaje de vida saludable en pos de mejorar la salud de la comunidad y atender sus necesidades. Contamos con un programas de radio por internet donde se refleja la situaci\u00f3n actual de la salud mundial y ofrece la mejor informaci\u00f3n por profesionales.<\/p>\n<p><strong>Nuestra Gente<\/strong><\/p>\n<p style=\"text-align: justify;\">La familia de Desarrollos Cient\u00edficos\u00ae\u00a0 comparte los mismos valores y objetivos. Respetamos a nuestros clientes como m\u00e1xima premisa, brindamos excelente y c\u00e1lida atenci\u00f3n, y agotamos todos los recursos hasta obtener su satisfacci\u00f3n.<\/p>\n<p><strong>Misi\u00f3n<\/strong><\/p>\n<p style=\"text-align: justify;\">Nuestra misi\u00f3n es mejorar la calidad de vida de las personas que padecen enfermedades y brindarles una opci\u00f3n alternativa y natural, realmente capaz de satisfacer sus necesidades. Existimos gracias a nuestros clientes y luchamos a diario por transmitir un mensaje de vida saludable para que la gente vuelva a creer en el poder de la naturaleza mediente nuestros productos.<\/p>\n<p><strong>Visi\u00f3n<\/strong><\/p>\n<p style=\"text-align: justify;\">Nuestra visi\u00f3n es ser el centro de bienestar\u00a0 al que recurran todos los Mexicanos para mejorar su estado de salud, encontrar su bienestar y obtener la energ\u00eda necesaria para perseguir sus sue\u00f1os ofreciendo productos de la m\u00e1s alta calidad.<\/p>\n<p><strong>Nuestros Valores<\/strong><\/p>\n<p>Nuestros valores confirman el compromiso hacia nuestros clientes.<\/p>\n<ul>\n<li>Respeto: respetamos la calidad y valor de ser humano, por eso ofrecemos lo mejor.<\/li>\n<li>Honestidad: siempre obtendr\u00e1 lo que prometemos. Sepa tambi\u00e9n que protegemos de forma rigurosa la informaci\u00f3n personal que nos provee. Nuestra infraestructura tecnol\u00f3gica cuenta con las medidas de\u00a0 seguridad m\u00e1s avanzadas.<\/li>\n<li>Responsabilidad: nuestra palabra y nuestro compromiso tienen un valor inquebrantable<\/li>\n<li>Lealtad: brindamos excelencia en todos nuestros servicios<br \/>\nIntegridad: lo que usted ve y lo que se le ofrece es lo que finalmente obtendr\u00e1<\/li>\n<li>Solidaridad: estamos a su lado para ayudarlo a mejorar su salud<br \/>\n\u201cNuestro valor esencial es el respeto hacia los clientes, por eso les ofrecemos los mejor\u201d.<\/li>\n<\/ul>\n<p>[\/vc_column_text][\/vc_column][\/vc_row][vc_row][vc_column][\/vc_column][\/vc_row]<\/p>\n","protected":false},"excerpt":{"rendered":"<p>Desarrollos Cient\u00edficos\u00a0\u00ae admira la sabidur\u00eda de la naturaleza y por tal motivo, hace m\u00e1s de 10 a\u00f1os decidi\u00f3 comprometerse con la investigaci\u00f3n, formulaci\u00f3n y distribuci\u00f3n de productos naturales en diversos medios como: programas de radio, videos, internet y revistas digitales. Aprendemos de la Naturaleza y Difundimos su Mensaje Desarrollos Cienti\u00edficos \u00ae no solo ofrece Compras [&hellip;]<\/p>\n","protected":false},"author":1,"featured_media":0,"parent":0,"menu_order":0,"comment_status":"open","ping_status":"closed","template":"","meta":{"_joinchat":[],"footnotes":""},"jetpack_sharing_enabled":true,"_links":{"self":[{"href":"https:\/\/investigacionestecnologicas.com\/index.php?rest_route=\/wp\/v2\/pages\/549"}],"collection":[{"href":"https:\/\/investigacionestecnologicas.com\/index.php?rest_route=\/wp\/v2\/pages"}],"about":[{"href":"https:\/\/investigacionestecnologicas.com\/index.php?rest_route=\/wp\/v2\/types\/page"}],"author":[{"embeddable":true,"href":"https:\/\/investigacionestecnologicas.com\/index.php?rest_route=\/wp\/v2\/users\/1"}],"replies":[{"embeddable":true,"href":"https:\/\/investigacionestecnologicas.com\/index.php?rest_route=%2Fwp%2Fv2%2Fcomments&post=549"}],"version-history":[{"count":22,"href":"https:\/\/investigacionestecnologicas.com\/index.php?rest_route=\/wp\/v2\/pages\/549\/revisions"}],"predecessor-version":[{"id":13199,"href":"https:\/\/investigacionestecnologicas.com\/index.php?rest_route=\/wp\/v2\/pages\/549\/revisions\/13199"}],"wp:attachment":[{"href":"https:\/\/investigacionestecnologicas.com\/index.php?rest_route=%2Fwp%2Fv2%2Fmedia&parent=549"}],"curies":[{"name":"wp","href":"https:\/\/api.w.org\/{rel}","templated":true}]}}