{"id":12854,"date":"2021-11-18T22:01:29","date_gmt":"2021-11-18T22:01:29","guid":{"rendered":"https:\/\/investigacionestecnologicas.com\/?post_type=product&#038;p=12854"},"modified":"2025-05-26T22:57:04","modified_gmt":"2025-05-26T22:57:04","slug":"gravity-plus-camilla-terapeutica","status":"publish","type":"product","link":"https:\/\/investigacionestecnologicas.com\/?product=gravity-plus-camilla-terapeutica","title":{"rendered":"GRAVITY PLUS CAMILLA TERAPEUTICA"},"content":{"rendered":"<p><iframe title=\"Gravity Plus, camilla terapeutica\" width=\"1170\" height=\"658\" src=\"https:\/\/www.youtube.com\/embed\/Ynwpj_lbW_M?feature=oembed\" frameborder=\"0\" allow=\"accelerometer; autoplay; clipboard-write; encrypted-media; gyroscope; picture-in-picture; web-share\" allowfullscreen><\/iframe><\/p>\n<p>FUNCIONES:<br \/>\nIDEAL PARA PROBLEMAS EN COXIS, HERNIA DE DISCO, DOLOR DE ESPALDA, ESTIRA MUSCULATURA, MEJORA LA CIRCULACI\u00d3N, PRODUCE RELAJACI\u00d3N<br \/>\nRECUPERA ESTATURA NATURAL, FAVORECE LA HIDRATACI\u00d3N, DESCOMPRESI\u00d3N DE VERTEBRAS, IRRIGACI\u00d3N DEL CEREBRO.<\/p>\n<p>CUENTA CON LA TECNOLOG\u00cdA DE ANILLOS REGULADORES EN TODA LA TABLA QUE EN EL MOMENTO DE TENER CONTACTO AYUDA A DISIPAR EL DOLOR Y SENTIR\u00c1 UNA MAYOR RELAJACI\u00d3N.<br \/>\nRECOMENDADO PARA TODAS LAS EDADES<\/p>\n<p>NOTA IMPORTANTE:<br \/>\nNO SE RECOMINDA Y NO LAS PUEDEN UTILIZAR<br \/>\nPERSONAS CON OSTEOPOROSIS EXTREMA, CIRUG\u00cdA ABDOMINAL, CIRUG\u00cdA DE COLUMNA, TRASTORNOS CIRCULATORIOS Y TROMBOSIS.<\/p>\n","protected":false},"excerpt":{"rendered":"<p>GRAVITY PLUS CAMILLA TERAPEUTICA<br \/>\nIDEAL PARA PROBLEMAS COMO EL DOLOR DE ESPALDA, COXIS, HERNIA DE DISCO, ENTRE OTRAS\u2026 REDUCE LA FATIGA, YA QUE SE LIBERA LA PRESI\u00d3N CONTINUA QUE SE GENERA POR LA LEY DE GRAVEDAD EN LAS ARTICULACIONES.<br \/>\nINCLUYE:CAMILLA TERAPEUTICA + PAR DE PLANTILLAS + 1 POMADA PARA EL DOLOR 90 GRAMOS.<\/p>\n","protected":false},"featured_media":13284,"comment_status":"open","ping_status":"closed","template":"","meta":{"_joinchat":[]},"product_cat":[62,63],"product_tag":[],"jetpack_sharing_enabled":true,"_links":{"self":[{"href":"https:\/\/investigacionestecnologicas.com\/index.php?rest_route=\/wp\/v2\/product\/12854"}],"collection":[{"href":"https:\/\/investigacionestecnologicas.com\/index.php?rest_route=\/wp\/v2\/product"}],"about":[{"href":"https:\/\/investigacionestecnologicas.com\/index.php?rest_route=\/wp\/v2\/types\/product"}],"replies":[{"embeddable":true,"href":"https:\/\/investigacionestecnologicas.com\/index.php?rest_route=%2Fwp%2Fv2%2Fcomments&post=12854"}],"wp:featuredmedia":[{"embeddable":true,"href":"https:\/\/investigacionestecnologicas.com\/index.php?rest_route=\/wp\/v2\/media\/13284"}],"wp:attachment":[{"href":"https:\/\/investigacionestecnologicas.com\/index.php?rest_route=%2Fwp%2Fv2%2Fmedia&parent=12854"}],"wp:term":[{"taxonomy":"product_cat","embeddable":true,"href":"https:\/\/investigacionestecnologicas.com\/index.php?rest_route=%2Fwp%2Fv2%2Fproduct_cat&post=12854"},{"taxonomy":"product_tag","embeddable":true,"href":"https:\/\/investigacionestecnologicas.com\/index.php?rest_route=%2Fwp%2Fv2%2Fproduct_tag&post=12854"}],"curies":[{"name":"wp","href":"https:\/\/api.w.org\/{rel}","templated":true}]}}