{"id":13096,"date":"2022-10-31T17:32:58","date_gmt":"2022-10-31T17:32:58","guid":{"rendered":"https:\/\/investigacionestecnologicas.com\/?post_type=product&#038;p=13096"},"modified":"2026-05-09T01:18:05","modified_gmt":"2026-05-09T01:18:05","slug":"germisol","status":"publish","type":"product","link":"https:\/\/investigacionestecnologicas.com\/?product=germisol","title":{"rendered":"4 GERMISOL"},"content":{"rendered":"<p>Germisol es el desinfectante multifuncional m\u00e1s efectivo ante cualquier tipo de bacteria, hongo, u organismo que afecte al cuerpo humano.<\/p>\n<p>La Secretar\u00eda de Salud, lo denomina como un \u201cAntis\u00e9ptico Germicida de Primer Nivel\u201d.<\/p>\n<p>Es un valioso antis\u00e9ptico natural en tratamientos de infecciones en la piel, ojos, nariz, y garganta.<\/p>\n<p>Cauteriza, desinfecta y cicatriza infecciones producidas en heridas, cortadas, raspones, suturas y lesiones en la piel.<\/p>\n<p>Desinfecta y evita cualquier tipo de infecci\u00f3n en curaciones por intervenciones quir\u00fargicas.<\/p>\n<p>Germisol es un desinfectante multifuncional porque es un auxiliar en asepsia de boca, mucosas, heridas, suturas, diarrea y lesiones de piel.<\/p>\n<p>Germisol esta elaborado con productos antis\u00e9pticos naturales como ajo, violeta, or\u00e9gano, tomillo, \u00e1rnica y agua destilada.<\/p>\n<p>Su modo de uso es t\u00f3pico y oral, no inyectable. (Se puede untar y puede digerirse)<\/p>\n<p>Germisol act\u00faa en infecciones bucales, aftas, algodoncillo y abscesos.<\/p>\n<p>Sirve para aliviar hongos en u\u00f1as de pies y manos.<\/p>\n<p>Elimina las hemorroides y es un pr\u00e1ctico auxiliar para solucionar heridas de personas con diabetes&#8230; funciona tambi\u00e9n para problemas con el pie diabetico.<\/p>\n<p>Elimina gingivitis, fuego labial, boqueras, herpes simple y herpes zoster, p\u00fastulas, varicela, rubiola y sarampi\u00f3n.<\/p>\n<p>Germisol tambi\u00e9n puede desinfectar agua de la llave, de un pozo, de r\u00edo y se recomienda usarlo para desinfectar frutas y legumbres.<\/p>\n<p>Germisol cumple con normas internacionales de salud.<\/p>\n<p>Por ejemplo: No produce irritabilidad, edema ni eritrema.<\/p>\n<p>Es un producto estable que no es t\u00f3xico ni produce efectos secundarios.<\/p>\n<p>Cuenta con el respaldo de Idea Bioquimica, unica empresa apoyada por el IPN.<\/p>\n<p>GOTERO 10 ML<\/p>\n<p>TELEFONO 55 17 13 76 36<\/p>\n","protected":false},"excerpt":{"rendered":"<p>GERMISOL<br \/>\nANTIS\u00c9PTICO GERMICIDA DE AMPLIO ESPECTRO<br \/>\nINCLUYE:<br \/>\n4 GOTEROS 10 ML<\/p>\n","protected":false},"featured_media":13280,"comment_status":"open","ping_status":"closed","template":"","meta":{"_joinchat":[]},"product_cat":[62,63],"product_tag":[],"jetpack_sharing_enabled":true,"_links":{"self":[{"href":"https:\/\/investigacionestecnologicas.com\/index.php?rest_route=\/wp\/v2\/product\/13096"}],"collection":[{"href":"https:\/\/investigacionestecnologicas.com\/index.php?rest_route=\/wp\/v2\/product"}],"about":[{"href":"https:\/\/investigacionestecnologicas.com\/index.php?rest_route=\/wp\/v2\/types\/product"}],"replies":[{"embeddable":true,"href":"https:\/\/investigacionestecnologicas.com\/index.php?rest_route=%2Fwp%2Fv2%2Fcomments&post=13096"}],"wp:featuredmedia":[{"embeddable":true,"href":"https:\/\/investigacionestecnologicas.com\/index.php?rest_route=\/wp\/v2\/media\/13280"}],"wp:attachment":[{"href":"https:\/\/investigacionestecnologicas.com\/index.php?rest_route=%2Fwp%2Fv2%2Fmedia&parent=13096"}],"wp:term":[{"taxonomy":"product_cat","embeddable":true,"href":"https:\/\/investigacionestecnologicas.com\/index.php?rest_route=%2Fwp%2Fv2%2Fproduct_cat&post=13096"},{"taxonomy":"product_tag","embeddable":true,"href":"https:\/\/investigacionestecnologicas.com\/index.php?rest_route=%2Fwp%2Fv2%2Fproduct_tag&post=13096"}],"curies":[{"name":"wp","href":"https:\/\/api.w.org\/{rel}","templated":true}]}}