{"id":13229,"date":"2023-06-02T20:25:23","date_gmt":"2023-06-02T20:25:23","guid":{"rendered":"https:\/\/investigacionestecnologicas.com\/?post_type=product&#038;p=13229"},"modified":"2026-05-08T05:43:34","modified_gmt":"2026-05-08T05:43:34","slug":"celula-master","status":"publish","type":"product","link":"https:\/\/investigacionestecnologicas.com\/?product=celula-master","title":{"rendered":"6 CELULA MASTER"},"content":{"rendered":"<p><span style=\"font-size: 13.5pt;color: black\">Fuente natural de nutrientes que estimula la producci\u00f3n de c\u00e9lulas madre adultas y promueve su transporte a los \u00f3rganos espec\u00edficos que requieren regeneraci\u00f3n.<\/span><\/p>\n<p><span style=\"font-size: 13.5pt;color: black\">Por su alto contenido en fitoqu\u00edmicos y fibra es \u00fatil en los tratamientos de c\u00e1ncer, diabetes, obesidad entre algunos; ya que normaliza el metabolismo de las grasas reduciendo considerablemente el colesterol y los triglic\u00e9ridos en sangre, evitando la producci\u00f3n de sustancias que generan niveles excesivos de glucosa, adem\u00e1s de reducir su absorci\u00f3n en el intestino. Las c\u00e9lulas madre tienen la asombrosa capacidad de convertirse en muchos tipos de c\u00e9lulas, al servir como un sistema de reparaci\u00f3n para el cuerpo al dividirse potencialmente sin l\u00edmite para responder a c\u00e9lulas da\u00f1adas.<\/span><\/p>\n<p><span style=\"font-size: 13.5pt;color: black\">Contribuye a la eliminaci\u00f3n de metales pesados como el ars\u00e9nico, el plomo o el mercurio en el organismo y las toxinas depositadas en la sangre.<\/span><\/p>\n<p><span style=\"font-size: 13.5pt;color: black\">Propiedades: regulador de la glucemia, regulador del metabolismo de l\u00edpidos, depurador sanguino, antioxidante<\/span><\/p>\n<p><span style=\"font-size: 13.5pt;color: black\">Beneficios: Ayuda en el tratamiento de la anemia, contiene propiedades digestivas, ayuda en el tratamiento de la gota, regula problemas de diarrea, n\u00e1useas, v\u00f3mitos, mejora el tratamiento de reumas, alivia la acidez, ben\u00e9fico en el tratamiento de c\u00e1lculos biliares, regenerador celular de c\u00e9lulas madre<\/span><\/p>\n<p><span style=\"font-size: 13.5pt;color: black\">Est\u00e1n indicadas en pacientes que tienen enfermedades como la diabetes porque regula los niveles de glucosa<\/span><\/p>\n<p><span style=\"font-size: 13.5pt;color: black\">Regula la presi\u00f3n arterial, evita enfermedades cardiovasculares, mejora la funci\u00f3n renal, depura y regenerar el h\u00edgado<\/span><\/p>\n<p><span style=\"font-size: 13.5pt;color: black\">Mejora el sistema nervioso central es excelente para tratar la migra\u00f1a, depresi\u00f3n, ansiedad, estr\u00e9s.<\/span><\/p>\n<p><span style=\"font-size: 13.5pt;color: black\">Las c\u00e9lulas madre son excelentes para fortalecer nuestro sistema inmunol\u00f3gico y de esta manera evitamos todo tipo de enfermedades incluyendo las respiratorias desde una simple gripa hasta enfermedades como el asma, bronquitis influenza entre otras.<\/span><\/p>\n<p><span style=\"font-size: 13.5pt;color: black\">Producto elaborado con productos naturales olivo, equinacea, ginkobiloba y ginsen,  los cuales nos ayudan a mejorar y mantener la salud. TOMAR UNA CAPSULA AL D\u00cdA<\/span><\/p>\n","protected":false},"excerpt":{"rendered":"<p>INCLUYE: 6 FRASCOS CON 30 CAPS C\/U<\/p>\n","protected":false},"featured_media":13532,"comment_status":"open","ping_status":"closed","template":"","meta":{"_joinchat":[]},"product_cat":[62,63],"product_tag":[],"jetpack_sharing_enabled":true,"_links":{"self":[{"href":"https:\/\/investigacionestecnologicas.com\/index.php?rest_route=\/wp\/v2\/product\/13229"}],"collection":[{"href":"https:\/\/investigacionestecnologicas.com\/index.php?rest_route=\/wp\/v2\/product"}],"about":[{"href":"https:\/\/investigacionestecnologicas.com\/index.php?rest_route=\/wp\/v2\/types\/product"}],"replies":[{"embeddable":true,"href":"https:\/\/investigacionestecnologicas.com\/index.php?rest_route=%2Fwp%2Fv2%2Fcomments&post=13229"}],"wp:featuredmedia":[{"embeddable":true,"href":"https:\/\/investigacionestecnologicas.com\/index.php?rest_route=\/wp\/v2\/media\/13532"}],"wp:attachment":[{"href":"https:\/\/investigacionestecnologicas.com\/index.php?rest_route=%2Fwp%2Fv2%2Fmedia&parent=13229"}],"wp:term":[{"taxonomy":"product_cat","embeddable":true,"href":"https:\/\/investigacionestecnologicas.com\/index.php?rest_route=%2Fwp%2Fv2%2Fproduct_cat&post=13229"},{"taxonomy":"product_tag","embeddable":true,"href":"https:\/\/investigacionestecnologicas.com\/index.php?rest_route=%2Fwp%2Fv2%2Fproduct_tag&post=13229"}],"curies":[{"name":"wp","href":"https:\/\/api.w.org\/{rel}","templated":true}]}}