{"id":13233,"date":"2023-06-02T20:28:01","date_gmt":"2023-06-02T20:28:01","guid":{"rendered":"https:\/\/investigacionestecnologicas.com\/?post_type=product&#038;p=13233"},"modified":"2026-04-23T16:27:52","modified_gmt":"2026-04-23T16:27:52","slug":"glucosamina-plus","status":"publish","type":"product","link":"https:\/\/investigacionestecnologicas.com\/?product=glucosamina-plus","title":{"rendered":"4 FRASCOS GLUCOSAMINA PLUS"},"content":{"rendered":"<p>ARTRITIS REUMATOIDE\/OSTEORTRITIS<\/p>\n<p>&nbsp;<\/p>\n<p>INFORMACION TECNICA:<\/p>\n<p>&nbsp;<\/p>\n<p>EL SULFATO DE GLUCOSAMINA ES UNA SUSTANCIA NATURAL QUE SE ENCUENTRA EN EL CUERPO HUMANO. EL CUERPO LA USA PARA PRODUCIR UNA VARIEDAD DE OTRAS SUSTANCIAS QUE EST\u00c1N INVOLUCRADAS EN LA FORMACI\u00d3N DE TENDONES, LIGAMENTOS, CART\u00cdLAGO, Y EL L\u00cdQUIDO ESPESO QUE RODEA LAS ARTICULACIONES.<\/p>\n<p>&nbsp;<\/p>\n<p>BENEFICIOS:<\/p>\n<p>&nbsp;<\/p>\n<p>* INDICADO PARA OSTEOARTRITIS.<\/p>\n<p>&nbsp;<\/p>\n<p>* MEJORA LAS CONDICIONES DE DOLOR Y RIGIDEZ EN RODILLAS, MANOS, CADERA Y DOLOR DE ESPALDA.<\/p>\n<p>&nbsp;<\/p>\n<p>* PREVIENE EL DETERIORO DE LAS ARTICULACIONES.<\/p>\n<p>&nbsp;<\/p>\n<p>* ES UN PRODUCTO DE ORIGEN NATURAL QUE ALIVIA EL DOLOR COMO LO HACEN LOS ANTINFLAMATORIOS NO ESTEROIDES.<\/p>\n<p>&nbsp;<\/p>\n<p>EXCELENTE PRODUCTO RECOMENDADO PARA LA SALUD DE LAS ARTICULACIONES, DOLOR DE HUESOS E INFLAMACI\u00d3N DE LIGAMENTO<\/p>\n<p>&nbsp;<\/p>\n<p>INGREDIENTES:<\/p>\n<p>&nbsp;<\/p>\n<p>SULFATO DE GLUCOSAMINA, METIL SULFONI METANOSULFATO DE CONDOITRINA<\/p>\n<p>\u00c1RNICA (HETEROTECA INULOIDES), COL\u00c1GENO HIDROLIZADO, CART\u00cdLAGO DE TIBUR\u00d3N<\/p>\n<p>VITAMINA A (RETINOL) VITAMINA D (ERGO CALCIFEROL).<\/p>\n<p>&nbsp;<\/p>\n<p>MODO DE USO<\/p>\n<p>&nbsp;<\/p>\n<p>TOMAR UNA CAPSULA AL DIA<\/p>\n<p>ADVERTENCIA DE USO<\/p>\n<p>NO INGERIR EMBARAZADAS Y NI\u00d1OS MENORES DE 12 A\u00d1OS<\/p>\n<p>CONTENIDO<\/p>\n<p>&nbsp;<\/p>\n<p>30 CAPSULAS<\/p>\n","protected":false},"excerpt":{"rendered":"<p>INCLUYE: 4 FRASCOS 30 CAPS C\/U<\/p>\n","protected":false},"featured_media":13539,"comment_status":"open","ping_status":"closed","template":"","meta":{"_joinchat":[]},"product_cat":[62,63],"product_tag":[],"jetpack_sharing_enabled":true,"_links":{"self":[{"href":"https:\/\/investigacionestecnologicas.com\/index.php?rest_route=\/wp\/v2\/product\/13233"}],"collection":[{"href":"https:\/\/investigacionestecnologicas.com\/index.php?rest_route=\/wp\/v2\/product"}],"about":[{"href":"https:\/\/investigacionestecnologicas.com\/index.php?rest_route=\/wp\/v2\/types\/product"}],"replies":[{"embeddable":true,"href":"https:\/\/investigacionestecnologicas.com\/index.php?rest_route=%2Fwp%2Fv2%2Fcomments&post=13233"}],"wp:featuredmedia":[{"embeddable":true,"href":"https:\/\/investigacionestecnologicas.com\/index.php?rest_route=\/wp\/v2\/media\/13539"}],"wp:attachment":[{"href":"https:\/\/investigacionestecnologicas.com\/index.php?rest_route=%2Fwp%2Fv2%2Fmedia&parent=13233"}],"wp:term":[{"taxonomy":"product_cat","embeddable":true,"href":"https:\/\/investigacionestecnologicas.com\/index.php?rest_route=%2Fwp%2Fv2%2Fproduct_cat&post=13233"},{"taxonomy":"product_tag","embeddable":true,"href":"https:\/\/investigacionestecnologicas.com\/index.php?rest_route=%2Fwp%2Fv2%2Fproduct_tag&post=13233"}],"curies":[{"name":"wp","href":"https:\/\/api.w.org\/{rel}","templated":true}]}}