{"id":13237,"date":"2023-06-02T20:30:41","date_gmt":"2023-06-02T20:30:41","guid":{"rendered":"https:\/\/investigacionestecnologicas.com\/?post_type=product&#038;p=13237"},"modified":"2026-04-23T16:27:19","modified_gmt":"2026-04-23T16:27:19","slug":"aliviaplus-2-fajas-alivia","status":"publish","type":"product","link":"https:\/\/investigacionestecnologicas.com\/?product=aliviaplus-2-fajas-alivia","title":{"rendered":"2 FAJAS ALIVIAPLUS"},"content":{"rendered":"<p>ELABORADA CON UNA COMBINACI\u00d3N DE DISCOS CER\u00c1MICOS COMBINADOS CON EL\u00c1STICOS RESPIRABLES \u2022 EMITIENDO RAYOS INFRARROJOS CREANDO CALOR TERAPEUTICO LOGRANDO MEJORAR AS\u00cd LA CIRCULACI\u00d3N SANGU\u00cdNEA Y LA REGENERACI\u00d3N CELULAR OBTENIENDO RESULTADOS INMEDIATOS, SEGUROS Y CONFIABLES \u2022 BENEFICIOS: \u2022 CORRIGE LA POSTURA,ALIVIA,TENSI\u00d3N MUSCULAR,CCI\u00c1TICA,TENSI\u00d3N DE HOMBROS,ZONA CERVICAL,PPROMUEVE LA CIRCULACI\u00d3N \u2022 A SI MISMO TIENE DISCOS CER\u00c1MICOS EN LA PARTE DEL ABDOMEN QUE NOS AYUDAN \u2022 ELIMINAR LOS C\u00d3LICOS MENSTRUALES. \u2022 DESINFLAMA EL VIENTRE O ABDOMEN. \u2022 CORRIGE EL ESTRE\u00d1IMIENTO Y MALA DIGESTI\u00d3N. \u2022 DESINFLAMA EL INTESTINO. \u2022 ESTIMULA EL METABOLISMO. \u2022 PRECAUCIONES. \u2022 DEBIDO A LOS DISCOS CER\u00c1MICOS NO DEBE DE USARSE POR, PERSONAS QUE UTILICEN MARCAPASOS O ALG\u00daN APARATO EL\u00c9CTRICO EN EL CUERPO, NI DURANTE EL EMBARAZO. \u2022 SOLAMENTE DEBE DE SER UTILIZADO POR SOLO UNA PERSONA POR CUESTI\u00d3N DE HIGIENE. \u2022 MODO DE LAVADO. \u2022 PUEDE LIMPIARSE CON UN CEPILLO H\u00daMEDO DE FELPA FINA, ASEGUR\u00c1NDOSE DE NO HUMEDECER DEMASIADO, DESPU\u00c9S DEJAR SECAR AL SOL. \u2022 TELEFONO 5517137636<\/p>\n<p>TALLAS:<br \/>\nCHICA (28-32)<br \/>\nUNITALLA (34-36)<br \/>\nEXGRANDRE (38-40)<br \/>\n4XL (42)<\/p>\n<p>TALLAS ESPECIALES: COSTO ADICIONAL DE $280.00 PESOS CADA UNA<br \/>\n5XL (44)<br \/>\nJUMBO (50)<\/p>\n","protected":false},"excerpt":{"rendered":"<p>INCLUYE: 2 FAJAS<\/p>\n","protected":false},"featured_media":13262,"comment_status":"open","ping_status":"closed","template":"","meta":{"_joinchat":[]},"product_cat":[62,63],"product_tag":[],"jetpack_sharing_enabled":true,"_links":{"self":[{"href":"https:\/\/investigacionestecnologicas.com\/index.php?rest_route=\/wp\/v2\/product\/13237"}],"collection":[{"href":"https:\/\/investigacionestecnologicas.com\/index.php?rest_route=\/wp\/v2\/product"}],"about":[{"href":"https:\/\/investigacionestecnologicas.com\/index.php?rest_route=\/wp\/v2\/types\/product"}],"replies":[{"embeddable":true,"href":"https:\/\/investigacionestecnologicas.com\/index.php?rest_route=%2Fwp%2Fv2%2Fcomments&post=13237"}],"wp:featuredmedia":[{"embeddable":true,"href":"https:\/\/investigacionestecnologicas.com\/index.php?rest_route=\/wp\/v2\/media\/13262"}],"wp:attachment":[{"href":"https:\/\/investigacionestecnologicas.com\/index.php?rest_route=%2Fwp%2Fv2%2Fmedia&parent=13237"}],"wp:term":[{"taxonomy":"product_cat","embeddable":true,"href":"https:\/\/investigacionestecnologicas.com\/index.php?rest_route=%2Fwp%2Fv2%2Fproduct_cat&post=13237"},{"taxonomy":"product_tag","embeddable":true,"href":"https:\/\/investigacionestecnologicas.com\/index.php?rest_route=%2Fwp%2Fv2%2Fproduct_tag&post=13237"}],"curies":[{"name":"wp","href":"https:\/\/api.w.org\/{rel}","templated":true}]}}