{"id":13239,"date":"2023-06-02T20:42:55","date_gmt":"2023-06-02T20:42:55","guid":{"rendered":"https:\/\/investigacionestecnologicas.com\/?post_type=product&#038;p=13239"},"modified":"2026-05-11T00:29:55","modified_gmt":"2026-05-11T00:29:55","slug":"curcumix-con-ajo","status":"publish","type":"product","link":"https:\/\/investigacionestecnologicas.com\/?product=curcumix-con-ajo","title":{"rendered":"8 CURCUMIX CON AJO"},"content":{"rendered":"<table width=\"439\">\n<tbody>\n<tr>\n<td width=\"439\">\n<table>\n<tbody>\n<tr>\n<td width=\"439\">CURCUMIX CON AJO \u00a0producto 100% natural que a trav\u00e9s de los a\u00f1os, cient\u00edficos de la Universidad de Chapingo, de la Unidad de ciencias Herbolarias investigan los beneficios que aporta la planta c\u00farcuma fortaleci\u00e9ndolo con ajo purificado, teniendo como resultado esta presentaci\u00f3n llamada CURCUMIX.<\/td>\n<\/tr>\n<\/tbody>\n<\/table>\n<\/td>\n<\/tr>\n<tr>\n<td><\/td>\n<\/tr>\n<tr>\n<td>Ingredientes: C\u00farcuma polvo (C\u00farcuma longa). Ajo purificado<\/td>\n<\/tr>\n<tr>\n<td>Presentaci\u00f3n: capsula<\/td>\n<\/tr>\n<tr>\n<td>Contenido neto: 60 capsulas<\/td>\n<\/tr>\n<tr>\n<td>Beneficios:<\/td>\n<\/tr>\n<tr>\n<td width=\"439\">* Desinflama torio natural.<\/td>\n<\/tr>\n<tr>\n<td width=\"439\">* Previene problemas cardiacos.<\/td>\n<\/tr>\n<tr>\n<td width=\"439\">* Elimina c\u00e1lculos biliares<\/td>\n<\/tr>\n<tr>\n<td width=\"439\">* Regenera el H\u00edgado<\/td>\n<\/tr>\n<tr>\n<td width=\"439\">* Previene c\u00e1ncer de colon<\/td>\n<\/tr>\n<tr>\n<td width=\"439\">* Elimina colitis y gastritis.<\/td>\n<\/tr>\n<tr>\n<td width=\"439\">* Aumenta las defensas gracias a su alta concentraci\u00f3n de Zinc.<\/td>\n<\/tr>\n<tr>\n<td width=\"439\">* Desinflama v\u00edas respiratorias.<\/td>\n<\/tr>\n<tr>\n<td width=\"439\">* Mejora la circulaci\u00f3n y es un anticoagulante natural.<\/td>\n<\/tr>\n<tr>\n<td width=\"439\">* Desparacitante y desintoxica.<\/td>\n<\/tr>\n<tr>\n<td width=\"439\">* No transpira, no hiele a ajo y no irrita.<\/td>\n<\/tr>\n<tr>\n<td>Modo de uso: tomar 2 capsulas al d\u00eda.<\/td>\n<\/tr>\n<tr>\n<td>Leyendas precautorias:<\/td>\n<\/tr>\n<tr>\n<td width=\"439\">No consumir embarazadas o en periodo de lactancia y personas que reci\u00e9n fueron quir\u00fargicamente intervenidas.<\/td>\n<\/tr>\n<tr>\n<td width=\"439\">Este producto no es un medicamento.<\/td>\n<\/tr>\n<tr>\n<td width=\"439\">El uso de este producto es responsabilidad de quien lo recomienda y de quien lo usa.<\/td>\n<\/tr>\n<tr>\n<td width=\"439\">Ventas al tel\u00e9fono:\u00a0\u00a0 5517137636<\/td>\n<\/tr>\n<\/tbody>\n<\/table>\n","protected":false},"excerpt":{"rendered":"<p>INCLUYE: 8 FRASCOS DE 60 CAPS C\/U<\/p>\n","protected":false},"featured_media":13536,"comment_status":"open","ping_status":"closed","template":"","meta":{"_joinchat":[]},"product_cat":[62,63],"product_tag":[],"jetpack_sharing_enabled":true,"_links":{"self":[{"href":"https:\/\/investigacionestecnologicas.com\/index.php?rest_route=\/wp\/v2\/product\/13239"}],"collection":[{"href":"https:\/\/investigacionestecnologicas.com\/index.php?rest_route=\/wp\/v2\/product"}],"about":[{"href":"https:\/\/investigacionestecnologicas.com\/index.php?rest_route=\/wp\/v2\/types\/product"}],"replies":[{"embeddable":true,"href":"https:\/\/investigacionestecnologicas.com\/index.php?rest_route=%2Fwp%2Fv2%2Fcomments&post=13239"}],"wp:featuredmedia":[{"embeddable":true,"href":"https:\/\/investigacionestecnologicas.com\/index.php?rest_route=\/wp\/v2\/media\/13536"}],"wp:attachment":[{"href":"https:\/\/investigacionestecnologicas.com\/index.php?rest_route=%2Fwp%2Fv2%2Fmedia&parent=13239"}],"wp:term":[{"taxonomy":"product_cat","embeddable":true,"href":"https:\/\/investigacionestecnologicas.com\/index.php?rest_route=%2Fwp%2Fv2%2Fproduct_cat&post=13239"},{"taxonomy":"product_tag","embeddable":true,"href":"https:\/\/investigacionestecnologicas.com\/index.php?rest_route=%2Fwp%2Fv2%2Fproduct_tag&post=13239"}],"curies":[{"name":"wp","href":"https:\/\/api.w.org\/{rel}","templated":true}]}}