{"id":13313,"date":"2023-06-06T20:06:18","date_gmt":"2023-06-06T20:06:18","guid":{"rendered":"https:\/\/investigacionestecnologicas.com\/?post_type=product&#038;p=13313"},"modified":"2026-02-28T22:34:20","modified_gmt":"2026-02-28T22:34:20","slug":"calcetas-tourmaline-legs","status":"publish","type":"product","link":"https:\/\/investigacionestecnologicas.com\/?product=calcetas-tourmaline-legs","title":{"rendered":"2 PARES CALCETAS TOURMALINE LEGS"},"content":{"rendered":"<p>Recomendada para:<\/p>\n<p>Cansancio al estar de pie, Calambres, Varices<\/p>\n<p>Dolor de piernas mejora la circulaci\u00f3n, el hormigueo, el agotamiento, la hinchaz\u00f3n, y le ayuda con problemas de varices, dolor y cansancio de sus piernas.<\/p>\n<p>Turmalin legs es para hombres y mujeres de todas las edades, est\u00e1 elaborada con materiales que le brindan elasticidad y firmeza; son ultra fresh, delgadas y c\u00f3modas al usar con cualquier tipo de calzado.<\/p>\n<p>Su tecnolog\u00eda es \u00fanica en el mercado, pues contienen las propiedades de los cristales de turmalina; un mineral con bondades qu\u00edmicas extraordinarias, \u00fatiles para la sanaci\u00f3n, que, por su funci\u00f3n anti inflamatoria, dispersa la energ\u00eda para que la sangre circule de forma natural desde sus piernas hasta el coraz\u00f3n.<\/p>\n<p>Recomendado para: diab\u00e9ticas, adultos mayores, mujeres embarazadas, personas que practican ejercicio o quienes padecen problemas de circulaci\u00f3n.<\/p>\n","protected":false},"excerpt":{"rendered":"<p>INCLUYE: 2 PARES<br \/>\nCOLOR NEGRO SIN CIERRE<\/p>\n","protected":false},"featured_media":13592,"comment_status":"open","ping_status":"closed","template":"","meta":{"_joinchat":[]},"product_cat":[63],"product_tag":[],"jetpack_sharing_enabled":true,"_links":{"self":[{"href":"https:\/\/investigacionestecnologicas.com\/index.php?rest_route=\/wp\/v2\/product\/13313"}],"collection":[{"href":"https:\/\/investigacionestecnologicas.com\/index.php?rest_route=\/wp\/v2\/product"}],"about":[{"href":"https:\/\/investigacionestecnologicas.com\/index.php?rest_route=\/wp\/v2\/types\/product"}],"replies":[{"embeddable":true,"href":"https:\/\/investigacionestecnologicas.com\/index.php?rest_route=%2Fwp%2Fv2%2Fcomments&post=13313"}],"wp:featuredmedia":[{"embeddable":true,"href":"https:\/\/investigacionestecnologicas.com\/index.php?rest_route=\/wp\/v2\/media\/13592"}],"wp:attachment":[{"href":"https:\/\/investigacionestecnologicas.com\/index.php?rest_route=%2Fwp%2Fv2%2Fmedia&parent=13313"}],"wp:term":[{"taxonomy":"product_cat","embeddable":true,"href":"https:\/\/investigacionestecnologicas.com\/index.php?rest_route=%2Fwp%2Fv2%2Fproduct_cat&post=13313"},{"taxonomy":"product_tag","embeddable":true,"href":"https:\/\/investigacionestecnologicas.com\/index.php?rest_route=%2Fwp%2Fv2%2Fproduct_tag&post=13313"}],"curies":[{"name":"wp","href":"https:\/\/api.w.org\/{rel}","templated":true}]}}