{"id":13378,"date":"2023-09-05T18:59:46","date_gmt":"2023-09-05T18:59:46","guid":{"rendered":"https:\/\/investigacionestecnologicas.com\/?post_type=product&#038;p=13378"},"modified":"2026-04-06T17:00:48","modified_gmt":"2026-04-06T17:00:48","slug":"multivitaminico-vitaactiv","status":"publish","type":"product","link":"https:\/\/investigacionestecnologicas.com\/?product=multivitaminico-vitaactiv","title":{"rendered":"2 MESES DE MULTIVITAMINICO ULTRA+ENERGY"},"content":{"rendered":"<p>MULTIVITAMINICO<\/p>\n<p>EL MEJOR COMPLEMENTO PARA LA SALUD Y EL BIENESTAR, RESULTADO DE M\u00c1S DE 10 A\u00d1OS DE INVESTIGACI\u00d3N.<br \/>\nES UN PRODUCTO ESPECIALMENTE DISE\u00d1ADO PARA SATISFACER LAS NECESIDADES NUTRICIONALES DE ADULTOS Y PERSONAS DE LA TERCERA EDAD.<br \/>\nUNA COMBINACI\u00d3N \u00daNICA DE INGREDIENTES QUE TRABAJAN EN CONJUNTO PARA TENER UNA EXCELENTE CALIDAD DE VIDA.<\/p>\n<p>BENEFICIOS<br \/>\n\u2022\tALIVIA DOLOR EN LAS ARTICULACIONES.<br \/>\n\u2022\tREDUCE EL ENVEJECIMIENTO Y MANTIENE LA ELASTICIDAD DE LA PIEL.<br \/>\n\u2022\tMEJORA LA SALUD DIGESTIVA<br \/>\n\u2022\tFORTALECE LOS HUESOS.<br \/>\n\u2022\tMEJORA LA SALUD DEL CABELLO Y LAS U\u00d1AS.<br \/>\n\u2022\tMEJORA LA SALUD DEL CORAZ\u00d3N Y DEL H\u00cdGADO.<br \/>\n\u2022\tMEJORA LA SALUD DE LOS OJOS.<br \/>\n\u2022\tAPORTA ENERG\u00cdA.<br \/>\n\u2022\tEVITA LA P\u00c9RDIDA DE MASA CORPORAL<br \/>\n\u2022\tFAVORECE EL CORRECTO FUNCIONAMIENTO DEL CEREBRO<br \/>\n\u2022\tPREVIENE PROBLEMAS DE DEMENCIA.<br \/>\n\u2022\tMEJORA EL ESTADO DE \u00c1NIMO<br \/>\n\u2022\tMANTIENE LOS NIVELES DE AZ\u00daCAR EN SANGRE<br \/>\n\u2022\tFORTALECE SISTEMA INMUNOL\u00d3GICO<br \/>\n\u2022\tANTIOXIDANTE<\/p>\n<p>INCLUYE:<br \/>\nINULINA DE MAGUEY,<br \/>\nGLUTATI\u00d3N PROTE\u00cdNA AISLADA DE SUERO DE LECHE,<br \/>\nACEITE DE PALMA,<br \/>\nHCI, SULFATO DE COBRE,<br \/>\nTIAMINA, MONONITRATO,<br \/>\nRIBOFLAVINA, \u00c1CIDO F\u00d3LICO,<br \/>\nYODURO DE POTASIO,<br \/>\nSELENITO DE SODIO,<br \/>\nCLORURO DE CROMO,<br \/>\nBIOTINA, COCOA,<br \/>\nCOL\u00c1GENO,<br \/>\nVITAMINAS A, D, B1, B2, B3, B5, B6, B12, C Y E.<br \/>\nSIN LACTOSA NI AZUCARES A\u00d1ADIDOS.<\/p>\n<p>SABOR: COCOA<\/p>\n<p>CONSUMO RECOMENDADO A PARTIR DE LOS 18 A\u00d1OS <\/p>\n<p>NO CONSUMIR EMBARAZADAS O PERSONAS AL\u00c9RGICAS A ALG\u00daN INGREDIENTE <\/p>\n<p>MODO PREPARACI\u00d3N: 30G DE PRODUCTO EN 250 ML DE AGUA, MEZCLAR HASTA DISOLVER <\/p>\n<p>CONTENIDO: 1 KILO <\/p>\n","protected":false},"excerpt":{"rendered":"<p>INCLUYE: 2 MESES DE TRATAMIENTO<\/p>\n<p>2 BOLSAS DE 1KG C\/U<\/p>\n<p>Multi vitam\u00ednico es un producto especialmente dise\u00f1ado para satisfacer las necesidades nutricionales de la tercera edad. Complemento perfecto.<br \/>\nUna combinaci\u00f3n \u00fanica de ingredientes que trabajan en conjunto para mejorar la calidad de vida de nuestros seres queridos en esta etapa de la vida<\/p>\n","protected":false},"featured_media":13544,"comment_status":"open","ping_status":"closed","template":"","meta":{"_joinchat":[]},"product_cat":[62,63],"product_tag":[],"jetpack_sharing_enabled":true,"_links":{"self":[{"href":"https:\/\/investigacionestecnologicas.com\/index.php?rest_route=\/wp\/v2\/product\/13378"}],"collection":[{"href":"https:\/\/investigacionestecnologicas.com\/index.php?rest_route=\/wp\/v2\/product"}],"about":[{"href":"https:\/\/investigacionestecnologicas.com\/index.php?rest_route=\/wp\/v2\/types\/product"}],"replies":[{"embeddable":true,"href":"https:\/\/investigacionestecnologicas.com\/index.php?rest_route=%2Fwp%2Fv2%2Fcomments&post=13378"}],"wp:featuredmedia":[{"embeddable":true,"href":"https:\/\/investigacionestecnologicas.com\/index.php?rest_route=\/wp\/v2\/media\/13544"}],"wp:attachment":[{"href":"https:\/\/investigacionestecnologicas.com\/index.php?rest_route=%2Fwp%2Fv2%2Fmedia&parent=13378"}],"wp:term":[{"taxonomy":"product_cat","embeddable":true,"href":"https:\/\/investigacionestecnologicas.com\/index.php?rest_route=%2Fwp%2Fv2%2Fproduct_cat&post=13378"},{"taxonomy":"product_tag","embeddable":true,"href":"https:\/\/investigacionestecnologicas.com\/index.php?rest_route=%2Fwp%2Fv2%2Fproduct_tag&post=13378"}],"curies":[{"name":"wp","href":"https:\/\/api.w.org\/{rel}","templated":true}]}}