{"id":13472,"date":"2024-06-04T06:46:06","date_gmt":"2024-06-04T06:46:06","guid":{"rendered":"https:\/\/investigacionestecnologicas.com\/?post_type=product&#038;p=13472"},"modified":"2025-09-20T18:42:57","modified_gmt":"2025-09-20T18:42:57","slug":"prosta-caps-una-de-gato","status":"publish","type":"product","link":"https:\/\/investigacionestecnologicas.com\/?product=prosta-caps-una-de-gato","title":{"rendered":"U\u00d1A DE GATO"},"content":{"rendered":"<p>PRODUCTO 100% NATURAL. ELABORADO POR CIENTIFICOS EGRESADOS DEL POLITENICO CON EXCELENTE RESULTADO PARA LA DEPURACI\u00d3N INTESTINAL Y RENAL.<br \/>\nLas c\u00e1psulas de  U\u00d1A DE GATO, contienen un poderoso desinflamante diur\u00e9tico y limpiador que posee propiedades antimutag\u00e9nicas apropiadas para fortalecer al sistema inmunol\u00f3gico. adem\u00e1s, es recomendada para tratamientos preventivos de procesos oncol\u00f3gicos e inmunodeficientes. tambi\u00e9n es un gran auxiliar en el tratamiento de casos de inflamaci\u00f3n de la pr\u00f3stata.<\/p>\n<p>BENEFICIOS:<br \/>\nDiur\u00e9tico (limpiador)<br \/>\nReduce la inflamaci\u00f3n de la pr\u00f3stata.<br \/>\n Relajante, como infusi\u00f3n.<br \/>\nDepuraci\u00f3n intestinal y renal.<br \/>\nINGREDIENTES:<br \/>\nCorteza deshidratada de uncaria tomentosa. (u\u00f1a de gato)<\/p>\n<p>MODO DE EMPLEO:<br \/>\nTomar una c\u00e1psula al d\u00eda en el desayuno<br \/>\nPRESENTACI\u00d3N:<br \/>\nFRASCO CON 30 C\u00c1PSULAS<\/p>\n","protected":false},"excerpt":{"rendered":"<p>PROMOCION<br \/>\n4 FRASCOS CON 30 CAPS X $899.00 PESOS<\/p>\n","protected":false},"featured_media":13543,"comment_status":"open","ping_status":"closed","template":"","meta":{"_joinchat":[]},"product_cat":[74,62,63],"product_tag":[],"jetpack_sharing_enabled":true,"_links":{"self":[{"href":"https:\/\/investigacionestecnologicas.com\/index.php?rest_route=\/wp\/v2\/product\/13472"}],"collection":[{"href":"https:\/\/investigacionestecnologicas.com\/index.php?rest_route=\/wp\/v2\/product"}],"about":[{"href":"https:\/\/investigacionestecnologicas.com\/index.php?rest_route=\/wp\/v2\/types\/product"}],"replies":[{"embeddable":true,"href":"https:\/\/investigacionestecnologicas.com\/index.php?rest_route=%2Fwp%2Fv2%2Fcomments&post=13472"}],"wp:featuredmedia":[{"embeddable":true,"href":"https:\/\/investigacionestecnologicas.com\/index.php?rest_route=\/wp\/v2\/media\/13543"}],"wp:attachment":[{"href":"https:\/\/investigacionestecnologicas.com\/index.php?rest_route=%2Fwp%2Fv2%2Fmedia&parent=13472"}],"wp:term":[{"taxonomy":"product_cat","embeddable":true,"href":"https:\/\/investigacionestecnologicas.com\/index.php?rest_route=%2Fwp%2Fv2%2Fproduct_cat&post=13472"},{"taxonomy":"product_tag","embeddable":true,"href":"https:\/\/investigacionestecnologicas.com\/index.php?rest_route=%2Fwp%2Fv2%2Fproduct_tag&post=13472"}],"curies":[{"name":"wp","href":"https:\/\/api.w.org\/{rel}","templated":true}]}}