{"id":13513,"date":"2024-12-03T17:00:48","date_gmt":"2024-12-03T17:00:48","guid":{"rendered":"https:\/\/investigacionestecnologicas.com\/?post_type=product&#038;p=13513"},"modified":"2025-07-10T19:58:19","modified_gmt":"2025-07-10T19:58:19","slug":"factor-de-transferencia-forte","status":"publish","type":"product","link":"https:\/\/investigacionestecnologicas.com\/?product=factor-de-transferencia-forte","title":{"rendered":"FACTOR DE TRANSFERENCIA FORTE"},"content":{"rendered":"<p>Descripci\u00f3n<br \/>\n\u00bfQu\u00e9 es el factor de transferencia?<br \/>\nEl Factor de Transferencia es un extracto dializable de leucocitos humanos obtenido a partir de donadores sanos, aplicacable como adyuvante e inmunomodulador terap\u00e9utico en diferentes padecimientos. \u201d<br \/>\nEl FT es un conjunto de mol\u00e9culas inmunomoduladoras con un peso de 3.5 a 5 KDa, obtenido a partir de leucocitos humanos, capaz de transmitir la habilidad para expresar la hipersensibilidad y mediar la inmunidad celular de donadores sensibilizados a receptores no inmunes. El material biol\u00f3gico que se utiliza para la preparaci\u00f3n es proporcionado por bancos de sangre certificados de la Cd. de M\u00e9xico. Los paquetes celulares son sometidos a las pruebas biol\u00f3gicas descritas en la NOM-003-SSA2-1993.Por considerarlo un hemoderivado y ser un inmunorregulador en diferentes padecimientos humanos, la fabricaci\u00f3n del FT debe cumplir a la NOM-0059-SSA.17<br \/>\nMol\u00e9culas diminutas que transfieren informaci\u00f3n inmunitaria (de defensa) de una entidad a otra, por ejemplo, de una madre a su hijo al amamantarlo.<br \/>\nConsta de dos fracciones: la FRACCI\u00d3N ANT\u00cdGENO ESPECIFICA O ANT\u00cdGENO DEPENDIENTE que esta compuesta por mol\u00e9culas de naturaleza pept\u00eddica. En ella se encuentran los factores de transferencia espec\u00edficos, que son capaces de transmitir inmunidad celular, estos factores de transferencia son la suma de las experiencias inmunes del individuo de donde se ha obtenido el extracto;<br \/>\nLA FRACCI\u00d3N ANT\u00cdGENO INESPECIFICA O ANT\u00ccGENO INDEPENDIENTE, compuesta por fracciones de mol\u00e9culas inmunomoduladoras como la histamina, nicotinamida, factores de diferenciaci\u00f3n de linfocitos (timosina), quimioatrayentes, \u00e1cido asc\u00f3rbico, entre otros.<br \/>\nSe puede administrar Factor de Transferencia (Extracto Dializable de Leucocitos) a personas de cualquier edad y sexo. Factor de Transferencia (Extracto Dializable de Leucocitos) no interfiere con ning\u00fan tratamiento medico y no tiene efectos secundarios; sin embargo en el caso de pacientes con c\u00e1ncer se recomienda usar como un tratamiento complementario a la quimioterapia.<br \/>\nLos extractos dializables de leucocitos tienen efectos de inmunomodulaci\u00f3n y act\u00faan tanto en la respuesta inmune innata como en la respuesta inmune adaptativa<br \/>\n. Tiene diversos efectos biol\u00f3gicos dependiendo del padecimiento donde se aplique. Algunos de esos efectos son la inducci\u00f3n del IL-2, IL-10, TNF, IFNy, entre otras citocinas<br \/>\nLa dosificaci\u00f3n del Factor de Transferencia (Extracto Dializable de Leucocitos), depende del padecimiento a tratar, aunque existen esquemas recomendados de acuerdo a la experiencia del grupo de trabajo, es importante hacer notar que por tratarse de un inmunorregulador, se debe tener una vigilancia cercana del paciente para ajustar la dosis si fuese necesario, y en base si su padecimiento es agudo o cr\u00f3nico.<br \/>\nCOMPOSICI\u00d3N<br \/>\nEl conjunto de mol\u00e9culas inmunomoduladoras es producido por los Linfocitos T, las cuales constan de dos fracciones:<br \/>\n\u2022 Ant\u00edgeno Espec\u00edfica o ant\u00edgeno dependiente: compuesta por mol\u00e9culas de naturaleza pept\u00eddica (de 40 a 50 amino\u00e1cidos) y otros elementos estructurales. En ella, se encuentran los factores de transferencia espec\u00edficos, capaces de transmitir inmunidad celular, \u00e9stos son la suma de las experiencias inmunol\u00f3gicas del individuo de donde se ha obtenido el extracto.<br \/>\n\u2022 Ant\u00edgeno Inespec\u00edfica o ant\u00edgeno independiente: compuesta por fracciones de mol\u00e9culas inmunomoduladoras como la histamina, nicotinamida,factoresde diferenciaci\u00f3n de linfocitos (timosina) y quimioatrayentes.<br \/>\nEl FT tiene altos niveles de Tirosina y Glicina tal como las regiones amino terminales de algunos neurop\u00e9ptidos, como los de la familia de las encefalinas. El FT es muy eficaz para corregir y mejorar la respuesta inmune mediada por c\u00e9lulas y ant\u00edgenos espec\u00edficos<br \/>\nMECANISMO DE ACCI\u00d3N<br \/>\nEl FT transfiere la inmunidad celular ant\u00edgeno espec\u00edfica del linfocito fuente (hipersensibilidad retardada) a los linfocitos no sensibilizados. Tambi\u00e9n incrementa la actividad de estimulaci\u00f3n inmunitaria no ant\u00edgeno espec\u00edfica de los linfocitos receptores.<br \/>\nCuando un linfocito reconoce una amenaza \u2013 como un virus, bacteria, hongo, par\u00e1sito o c\u00e9lula cancer\u00edgena \u2013 \u00e9ste produce FT que se\u00f1ala la presencia de esta amenaza a otras c\u00e9lulas. Una vez el FT en el torrente sangu\u00edneo estimula a las c\u00e9lulas del sistema inmunol\u00f3gico. Estas c\u00e9lulas pueden detectar peque\u00f1as cantidades de excedente de FT y migrar hacia el gradiente de concentraci\u00f3n del FT. Esta propiedad permite reclutar a varios elementos del sistema inmune para responder y hacer frente a cualquier amenaza en el organismo. El FT juega un papel importante en la activaci\u00f3n de los macr\u00f3fagos, diferenciaci\u00f3n de linfocitos (maduraci\u00f3n de c\u00e9lulas precursoras a c\u00e9lulas funcionales T y B) einmunidad mediada por c\u00e9lulas. El FT transmite la informaci\u00f3n inmunitaria a trav\u00e9s de los factores inductores, supresores y ant\u00edgenos espec\u00edficos:<br \/>\nFactor Inductor<br \/>\nFactor Supresor<br \/>\nFactor Ant\u00edgeno Espec\u00edfico<br \/>\nUna vez que el ant\u00edgeno extra\u00f1o ha sido eliminado o atenuado por el sistema inmunol\u00f3gico, las c\u00e9lulas involucradas en la respuesta retienen la capacidad de producir FT orientado hacia ant\u00edgenos similares. Por lo tanto, en una segunda exposici\u00f3n a tales ant\u00edgenos, el sistema inmune tiene una memoria que le permite reaccionar con mayor eficiencia y rapidez que la primera vez. Algunos de estos efectos son la inducci\u00f3n de los siguientes mediadores solubles: IL 2, IL 10, TNF , IFN , entre otras citocinas. 11,16 El FT contribuye a la activaci\u00f3n de la primera l\u00ednea de defensa o inmunidad innata de la respuesta inmune. Como inductor de las c\u00e9lulas asesinas naturales (NK), el FT pueden activarlas cerca de 5 veces sobre el nivel de referencia. Las c\u00e9lulas NK no son espec\u00edficas en el ataque hacia c\u00e9lulas infectadas, malignas u otro tipo de anormalidades; las NK atacan antes de que las c\u00e9lulas blanco pasen a ser una amenaza significativa para el organismo. Estudios recientes demuestran que el FT incrementa el nivel de IgA (el anticuerpo primario en membranas mucosas, donde comienzan muchas infecciones) cerca del 75%. Esto implica que tambi\u00e9n induce a los linfocitos B a producir anticuerpos.<br \/>\nIndicaciones y Dosificaci\u00f3n<br \/>\nSe recomienda usar el FT como un tratamiento complementario a la terap\u00e9utica utilizada. Como coadyuvante en caso de pacientes con c\u00e1ncer tratados frecuentemente con quimioterapia y\/o radioterapia. 2,3 La dosis debe ser evaluada de acuerdo a la evoluci\u00f3n cl\u00ednica del padecimiento de base al mismo tiempo que con las pruebas de laboratorio encaminadas a valorar los diferentes componentes del sistema inmune (perfil inmunol\u00f3gico), inmunidad innata, celular y humoral. 4 Se recomienda tomar como base la citometr\u00eda hem\u00e1tica y las subpoblaciones de linfocitos CD3, CD4, CD8, CD56, inmunoglobulinas, prote\u00edna C reactiva y velocidad de sedimentaci\u00f3n globular.<br \/>\nSe han visto mejores resultados al administrarse en ayuno, en cualquiera de las v\u00edas de administraci\u00f3n.<br \/>\nCONSIDERACIONES GENERALES<br \/>\nV\u00cdA DE ADMINISTRACI\u00d3N<br \/>\nSUBLING\u00dcAL: en polvo reconstit\u00fayase con 6 ml de agua potable por ampolleta. La dosificaci\u00f3n es responsabilidad del m\u00e9dico, tomando en cuenta las caracter\u00edsticas del paciente y el padecimiento. Se puede administrar a personas de cualquier edad y sexo. No interfiere con ning\u00fan tratamiento m\u00e9dico.<br \/>\nni\u00f1os menores 6 a\u00f1os 1.5 ml consumo recomendado por dia <\/p>\n<p>CONTRAINDICACIONES<br \/>\nNo se conocen hasta el momento.<br \/>\nREACCIONES SECUNDARIAS Y ADVERSAS<br \/>\nSe pueden observar adenomegalias en los primeros 15 d\u00edas de su administraci\u00f3n sin que esto traduzca enfermedad.<br \/>\nHasta el momento no se han reportado efectos letales.<br \/>\nINTERACCIONES MEDICAMENTOSAS Y DE OTRO G\u00c9NERO<br \/>\nNo existe interacci\u00f3n con otros medicamentos conocida hasta la fecha.<br \/>\nEFECTOS DE CARCINOG\u00c9NESIS, MUTAG\u00c9NESIS, TERATOG\u00c9NESIS Y SOBRE LA FERTILIDAD<br \/>\nEstudios amplios no han podido evidenciar alg\u00fan efecto t\u00f3xico.<br \/>\nMANIFESTACIONES Y MANEJO DE LA SOBREDOSIFICACI\u00d3N<br \/>\nNo se conocen manifestaciones cl\u00ednicas por una sobredosis hasta de 100 veces.<br \/>\nALMACENAMIENTO<br \/>\nconservar a temperatura ambiente. no exponer al sol.<br \/>\nal ser diluido guarda en refrigeracion<\/p>\n<p>Estudios amplios no han podido evidenciar alg\u00fan efecto t\u00f3xico.<\/p>\n<p>COSTO 50 AMPOLLETAS CON 2 DOSIS CADA UNO EN POLVO PARA DILUIR <\/p>\n","protected":false},"excerpt":{"rendered":"<p>50 AMPOLLETAS FACTOR FORTE EN POLVO<br \/>\n2 dosis (3ml cada dosis)<br \/>\nDiluir en 6 ml<\/p>\n","protected":false},"featured_media":13274,"comment_status":"open","ping_status":"closed","template":"","meta":{"_joinchat":[]},"product_cat":[63],"product_tag":[],"jetpack_sharing_enabled":true,"_links":{"self":[{"href":"https:\/\/investigacionestecnologicas.com\/index.php?rest_route=\/wp\/v2\/product\/13513"}],"collection":[{"href":"https:\/\/investigacionestecnologicas.com\/index.php?rest_route=\/wp\/v2\/product"}],"about":[{"href":"https:\/\/investigacionestecnologicas.com\/index.php?rest_route=\/wp\/v2\/types\/product"}],"replies":[{"embeddable":true,"href":"https:\/\/investigacionestecnologicas.com\/index.php?rest_route=%2Fwp%2Fv2%2Fcomments&post=13513"}],"wp:featuredmedia":[{"embeddable":true,"href":"https:\/\/investigacionestecnologicas.com\/index.php?rest_route=\/wp\/v2\/media\/13274"}],"wp:attachment":[{"href":"https:\/\/investigacionestecnologicas.com\/index.php?rest_route=%2Fwp%2Fv2%2Fmedia&parent=13513"}],"wp:term":[{"taxonomy":"product_cat","embeddable":true,"href":"https:\/\/investigacionestecnologicas.com\/index.php?rest_route=%2Fwp%2Fv2%2Fproduct_cat&post=13513"},{"taxonomy":"product_tag","embeddable":true,"href":"https:\/\/investigacionestecnologicas.com\/index.php?rest_route=%2Fwp%2Fv2%2Fproduct_tag&post=13513"}],"curies":[{"name":"wp","href":"https:\/\/api.w.org\/{rel}","templated":true}]}}