{"id":1355,"date":"2017-08-29T23:28:47","date_gmt":"2017-08-29T23:28:47","guid":{"rendered":"http:\/\/investigacionestecnologicas.com\/?post_type=product&#038;p=1355"},"modified":"2025-02-21T00:19:37","modified_gmt":"2025-02-21T00:19:37","slug":"berenjex","status":"publish","type":"product","link":"https:\/\/investigacionestecnologicas.com\/?product=berenjex","title":{"rendered":"6 FRASCOS DE BERENJEX"},"content":{"rendered":"<p><small>Algunas de nuestros contenidos multimedia o promos aplican restricciones seg\u00fan el horario de transmisi\u00f3n. Favor de consultar promociones vigentes al tel\u00e9fono <strong>5517137636<\/strong> <\/small><\/p>\n<p>Producto natural elaborado por un equipo de investigadores Del Instituto Polit\u00e9cnico Nacional han logrado combinar los Poderosos beneficios que contienen la Berenjena y la nuez.<\/p>\n<p><strong>Presentaci\u00f3n: <\/strong>Frasco con 60 c\u00e1psulas<\/p>\n<p><strong>Beneficios: <\/strong><\/p>\n<p>* Por su alto contenido de Vitamina E y antioxidantes\u00a0 le protegen de enfermedades card\u00edacas.<\/p>\n<p>*Evoluciona el proceso de desintoxicaci\u00f3n en el organismo<\/p>\n<p>*Cuida sus huesos, gracias al \u00e1cido f\u00f3lico que contiene<\/p>\n<p>*Ayuda a regular el apetito<\/p>\n<p>*Retarda el envejecimiento celular<\/p>\n<p>*Promueve la mejor\u00eda en la comunicaci\u00f3n neuronal<\/p>\n<p><strong>Modo de empleo: <\/strong>Tomar 2 c\u00e1psulas al d\u00eda, (antes del desayuno y antes de la comida).<\/p>\n<p><strong>Ingredientes<\/strong>:<\/p>\n<p>Polvo de Berenjena (<em>Solanum melongena)<\/em><\/p>\n<p>Polvo de Nuez (<em>Junglans regia)<\/em><\/p>\n<p>Maltodextrina, Benzoato de sodio<\/p>\n<p><strong>Leyendas Precautorias: <\/strong><\/p>\n<p>No consumir embarazadas y lactando \u00f3 si es intolerante a alguno de los activos de la f\u00f3rmula<\/p>\n<p>&nbsp;<\/p>\n","protected":false},"excerpt":{"rendered":"<p>Regula el apetito, retarda el envejecimiento, protege de enfermedades cardiacas, cuida sus huesos.<\/p>\n<p><strong>INCLUYE:<\/strong> 6 frascos de 60 capsulas c\/u<\/p>\n","protected":false},"featured_media":13531,"comment_status":"open","ping_status":"closed","template":"","meta":{"_joinchat":[]},"product_cat":[62,63],"product_tag":[],"jetpack_sharing_enabled":true,"_links":{"self":[{"href":"https:\/\/investigacionestecnologicas.com\/index.php?rest_route=\/wp\/v2\/product\/1355"}],"collection":[{"href":"https:\/\/investigacionestecnologicas.com\/index.php?rest_route=\/wp\/v2\/product"}],"about":[{"href":"https:\/\/investigacionestecnologicas.com\/index.php?rest_route=\/wp\/v2\/types\/product"}],"replies":[{"embeddable":true,"href":"https:\/\/investigacionestecnologicas.com\/index.php?rest_route=%2Fwp%2Fv2%2Fcomments&post=1355"}],"wp:featuredmedia":[{"embeddable":true,"href":"https:\/\/investigacionestecnologicas.com\/index.php?rest_route=\/wp\/v2\/media\/13531"}],"wp:attachment":[{"href":"https:\/\/investigacionestecnologicas.com\/index.php?rest_route=%2Fwp%2Fv2%2Fmedia&parent=1355"}],"wp:term":[{"taxonomy":"product_cat","embeddable":true,"href":"https:\/\/investigacionestecnologicas.com\/index.php?rest_route=%2Fwp%2Fv2%2Fproduct_cat&post=1355"},{"taxonomy":"product_tag","embeddable":true,"href":"https:\/\/investigacionestecnologicas.com\/index.php?rest_route=%2Fwp%2Fv2%2Fproduct_tag&post=1355"}],"curies":[{"name":"wp","href":"https:\/\/api.w.org\/{rel}","templated":true}]}}