{"id":1395,"date":"2017-10-31T23:11:33","date_gmt":"2017-10-31T23:11:33","guid":{"rendered":"http:\/\/investigacionestecnologicas.com\/?post_type=product&#038;p=1395"},"modified":"2026-01-16T19:29:55","modified_gmt":"2026-01-16T19:29:55","slug":"ajo-negro","status":"publish","type":"product","link":"https:\/\/investigacionestecnologicas.com\/?product=ajo-negro","title":{"rendered":"12 FRASCOS DE AJO NEGRO"},"content":{"rendered":"<p><small>Algunas de nuestros contenidos multimedia o promos aplican restricciones seg\u00fan el horario de transmisi\u00f3n. Favor de consultar promociones vigentes al tel\u00e9fono 5517137636 <\/small><br \/>\nProducto 100% natural elaborado en capsulas, se extrae de los aceites o propiedades esenciales m\u00e1s importantes del ajo al natural. El AJO NEGRO no huele, no lastima el est\u00f3mago, no transpira ni desecha, porque todo se aprovecha mediante fructosas y lipoenzimas naturales<\/p>\n<p>Presentaci\u00f3n: Frasco con 30 capsulas.<\/p>\n<p><strong>Beneficios:<\/strong><\/p>\n<ul>\n<li>Act\u00faa eficazmente en\u00a0 el tratamiento de infecciones en las v\u00edas respiratorias<\/li>\n<li>Antis\u00e9ptico y diur\u00e9tico natural.<\/li>\n<li>Desparasita<\/li>\n<li>Desintoxica el organismo<\/li>\n<li>Evita la formaci\u00f3n\u00a0 del colesterol y triglic\u00e9ridos de alto peso molecular que provienen de los alimentos.<\/li>\n<li>Regula la presi\u00f3n arterial.<\/li>\n<li>Excelente auxiliar en el tratamiento de artritis y reumatismo.<\/li>\n<li>Incrementa el sistema inmunol\u00f3gico (por su concentraci\u00f3n de prote\u00ednas 17%)<\/li>\n<li>Anticoagulante natural (evita los agregados de plaquetas y formaci\u00f3n de co\u00e1gulos).<\/li>\n<\/ul>\n<p><strong>Aplicaciones:<\/strong><\/p>\n<ul>\n<li>Previene y elimina infecciones en las v\u00edas respiratorias altas\u00a0 (catarro, gripe, resfriado)<\/li>\n<li>Act\u00faa en trastornos de tubo digestivo (desparasitarte, infecciones leves).<\/li>\n<li>Otras aplicaciones (en el tratamiento de hemorroides, evita la formaci\u00f3n de co\u00e1gulos, en el tratamiento de pie diab\u00e9tico, en el tratamiento de vaginitis).<\/li>\n<\/ul>\n<p><strong>Modo de empleo:<\/strong><\/p>\n<ul>\n<li>CONSUMO RECOMENDADO 1 CAPSULA AL DIA.<\/li>\n<li>Para desintoxicar. Una capsula 15 minutos antes de cada alimento.<\/li>\n<li>Como diur\u00e9tico. 2 capsulas\u00a0 15 minutos antes de cada alimento.<\/li>\n<li>Como desparasitaste. 2 capsulas 15 minutos antes de cada alimento.<\/li>\n<li>Como anti-gripal. 3 capsulas con t\u00e9 caliente 15 minutos antes de cada alimento.<\/li>\n<\/ul>\n","protected":false},"excerpt":{"rendered":"<p>Recomendado para artritis reumatoide,eleva el sistema inmunol\u00f3gico, circulacion, pie diab\u00e9tico, hemorroides infecciones de v\u00edas respiratorias.<\/p>\n<p>INCLUYE: 12 frascos de 30 capsulas c\/u<\/p>\n","protected":false},"featured_media":13597,"comment_status":"open","ping_status":"closed","template":"","meta":{"_joinchat":[]},"product_cat":[62,63],"product_tag":[],"jetpack_sharing_enabled":true,"_links":{"self":[{"href":"https:\/\/investigacionestecnologicas.com\/index.php?rest_route=\/wp\/v2\/product\/1395"}],"collection":[{"href":"https:\/\/investigacionestecnologicas.com\/index.php?rest_route=\/wp\/v2\/product"}],"about":[{"href":"https:\/\/investigacionestecnologicas.com\/index.php?rest_route=\/wp\/v2\/types\/product"}],"replies":[{"embeddable":true,"href":"https:\/\/investigacionestecnologicas.com\/index.php?rest_route=%2Fwp%2Fv2%2Fcomments&post=1395"}],"wp:featuredmedia":[{"embeddable":true,"href":"https:\/\/investigacionestecnologicas.com\/index.php?rest_route=\/wp\/v2\/media\/13597"}],"wp:attachment":[{"href":"https:\/\/investigacionestecnologicas.com\/index.php?rest_route=%2Fwp%2Fv2%2Fmedia&parent=1395"}],"wp:term":[{"taxonomy":"product_cat","embeddable":true,"href":"https:\/\/investigacionestecnologicas.com\/index.php?rest_route=%2Fwp%2Fv2%2Fproduct_cat&post=1395"},{"taxonomy":"product_tag","embeddable":true,"href":"https:\/\/investigacionestecnologicas.com\/index.php?rest_route=%2Fwp%2Fv2%2Fproduct_tag&post=1395"}],"curies":[{"name":"wp","href":"https:\/\/api.w.org\/{rel}","templated":true}]}}