{"id":1445,"date":"2017-12-07T19:18:36","date_gmt":"2017-12-07T19:18:36","guid":{"rendered":"http:\/\/investigacionestecnologicas.com\/?post_type=product&#038;p=1445"},"modified":"2024-06-03T18:54:34","modified_gmt":"2024-06-03T18:54:34","slug":"posture-plus-soporte-de-espalda","status":"publish","type":"product","link":"https:\/\/investigacionestecnologicas.com\/?product=posture-plus-soporte-de-espalda","title":{"rendered":"2 POSTURE PLUS SOPORTE DE ESPALDA"},"content":{"rendered":"<p><iframe title=\"SOPORTE DE ESPALDA POSTURE PLUS\" width=\"1170\" height=\"658\" src=\"https:\/\/www.youtube.com\/embed\/3tkEfTiWQo0?feature=oembed\" frameborder=\"0\" allow=\"accelerometer; autoplay; clipboard-write; encrypted-media; gyroscope; picture-in-picture; web-share\" allowfullscreen><\/iframe><br \/>\n<small>Algunas de nuestros contenidos multimedia o promos aplican restricciones seg\u00fan el horario de transmisi\u00f3n. Favor de consultar promociones vigentes al tel\u00e9fono 44301500<\/small><br \/>\nEl Soporte Espalda\u00a0POSTURE PLUS con discos cer\u00e1micos es una investigaci\u00f3n realizada por los Cient\u00edficos Egresados\u00a0 del Instituto Polit\u00e9cnico Nacional, dise\u00f1ada para corregir, aliviar y rehabilitar los distintos padecimientos en nuestra columna vertebral.<\/p>\n<p>POSTURE PLUS\u00a0est\u00e1 elaborada con una combinaci\u00f3n\u00a0 de Discos Cer\u00e1micos de Turmalina combinados con el\u00e1sticos respirables unidos a pilares de esponjas. EMITIENDO RAYOS INFRARROJOS CREANDO CALOR TERAPEUTICO logrando mejorar as\u00ed la circulaci\u00f3n sangu\u00ednea y la regeneraci\u00f3n celular obteniendo resultados\u00a0 inmediatos, seguros y confiables<\/p>\n<p><strong>Beneficios:<\/strong><\/p>\n<ul>\n<li>Corrige la postura<\/li>\n<li>Alivia dolor de artrosis lumbar<\/li>\n<li>Tensi\u00f3n muscular<\/li>\n<li>Ci\u00e1tica<\/li>\n<li>Tensi\u00f3n de hombros<\/li>\n<li>Zona cervical<\/li>\n<li>Promueve la circulaci\u00f3n<\/li>\n<\/ul>\n<p>A si mismo tiene discos cer\u00e1micos en la parte del abdomen que nos ayudan a:<\/p>\n<ul>\n<li>Eliminar los c\u00f3licos menstruales.<\/li>\n<li>Desinflama el vientre o abdomen.<\/li>\n<li>Corrige el estre\u00f1imiento y mala digesti\u00f3n.<\/li>\n<li>Desinflama el intestino.<\/li>\n<li>Estimula el metabolismo.<\/li>\n<\/ul>\n<p><strong>\u00a0<\/strong><strong>Precauciones.<\/strong><\/p>\n<p><strong>\u00a0<\/strong>Debido a los discos ceramicos que posee <strong>POSTURE PLUS<\/strong>\u00a0no debe de usarse por, personas que utilicen marcapasos o alg\u00fan aparato el\u00e9ctrico en el cuerpo, ni durante el embarazo.<\/p>\n<p><strong>POSTURE PLUS<\/strong>\u00a0solamente debe de ser utilizado por solo una persona por cuesti\u00f3n\u00a0 de higiene.<\/p>\n<p>TALLAS DISPONIBLES<\/p>\n<p>XCH, CH, UNI, EG, 4XL<\/p>\n<p>TALLAS ESPECIALES mas costo adicional de $280.00 pesos adicional<\/p>\n<p>5XL y JUMBO<\/p>\n","protected":false},"excerpt":{"rendered":"<p>Logra una mejor postura mayor soporte y padecimientos en zona lumbar zona cervical y de nervio ciatico<\/p>\n<p><strong>INCLUYE:<\/strong> 2 soportes<\/p>\n","protected":false},"featured_media":13292,"comment_status":"open","ping_status":"closed","template":"","meta":{"_joinchat":[]},"product_cat":[62,63],"product_tag":[],"jetpack_sharing_enabled":true,"_links":{"self":[{"href":"https:\/\/investigacionestecnologicas.com\/index.php?rest_route=\/wp\/v2\/product\/1445"}],"collection":[{"href":"https:\/\/investigacionestecnologicas.com\/index.php?rest_route=\/wp\/v2\/product"}],"about":[{"href":"https:\/\/investigacionestecnologicas.com\/index.php?rest_route=\/wp\/v2\/types\/product"}],"replies":[{"embeddable":true,"href":"https:\/\/investigacionestecnologicas.com\/index.php?rest_route=%2Fwp%2Fv2%2Fcomments&post=1445"}],"wp:featuredmedia":[{"embeddable":true,"href":"https:\/\/investigacionestecnologicas.com\/index.php?rest_route=\/wp\/v2\/media\/13292"}],"wp:attachment":[{"href":"https:\/\/investigacionestecnologicas.com\/index.php?rest_route=%2Fwp%2Fv2%2Fmedia&parent=1445"}],"wp:term":[{"taxonomy":"product_cat","embeddable":true,"href":"https:\/\/investigacionestecnologicas.com\/index.php?rest_route=%2Fwp%2Fv2%2Fproduct_cat&post=1445"},{"taxonomy":"product_tag","embeddable":true,"href":"https:\/\/investigacionestecnologicas.com\/index.php?rest_route=%2Fwp%2Fv2%2Fproduct_tag&post=1445"}],"curies":[{"name":"wp","href":"https:\/\/api.w.org\/{rel}","templated":true}]}}