{"id":1522,"date":"2018-01-25T01:52:43","date_gmt":"2018-01-25T01:52:43","guid":{"rendered":"http:\/\/investigacionestecnologicas.com\/?post_type=product&#038;p=1522"},"modified":"2025-04-11T21:18:47","modified_gmt":"2025-04-11T21:18:47","slug":"rodillera-plus","status":"publish","type":"product","link":"https:\/\/investigacionestecnologicas.com\/?product=rodillera-plus","title":{"rendered":"2 RODILLERAS PLUS"},"content":{"rendered":"<p><small>Algunas de nuestros contenidos multimedia o promos aplican restricciones seg\u00fan el horario de transmisi\u00f3n. Favor de consultar promociones vigentes al tel\u00e9fono 5517137636<br \/>\n<\/small><br \/>\nRodillera Plus<strong>\u00a0<\/strong>cuenta con 8 discos cer\u00e1micos\u00a0 que activan los puntos meridianos de acupuntura disolviendo los dep\u00f3sitos de calcio de los m\u00fasculos\u00a0 y articulaciones de la rodilla.<\/p>\n<p>Es de gran utilidad en los casos de:<\/p>\n<ul>\n<li><strong>BURSITIS<\/strong>.- Se producen cuando unas bolsas llamadas BURSAS se inflaman causando dolor y al desinflamar estas bolsas ayudan al movimiento normal de las articulaciones evitando fricciones\u00a0 entre ellas.<\/li>\n<li><strong>TRAUMATISMOS<\/strong>.- Lesi\u00f3n o inflamaci\u00f3n de los tejidos musculares de la rodilla.<\/li>\n<li><strong>OSTEOARTRITIS<\/strong>.- Es cuando el cart\u00edlago de la rodilla pierde su elasticidad evitando hacer su funci\u00f3n de amortiguar los golpes al caminar provocando fuertes dolores.<\/li>\n<li><strong>ARTRITIS REUMATOIDE<\/strong>.- Enfermedad que afecta las articulaciones o coyunturas causando dolor, hinchaz\u00f3n y rigidez.<\/li>\n<\/ul>\n<p><strong>DESGARRES Y TENCIONES <\/strong><\/p>\n<p><b>Rodillera plus<\/b>\u00a0esta laborado con materiales el\u00e1sticos respirables, bandas ajustables con velcro<\/p>\n<p><strong>Precauciones.<\/strong><\/p>\n<p>&nbsp;<\/p>\n<p>Debido a los magnetos que posee <strong>Rodillera plus <\/strong>\u00a0no debe de usarc\u00e9 por, personas que utilicen marcapasos o alg\u00fan aparato el\u00e9ctrico en el cuerpo, ni durante el embarazo.<\/p>\n<p>&nbsp;<\/p>\n<p><b>Rodillera Plus<\/b>\u00a0solamente debe de ser utilizado por solo una persona por cuesti\u00f3n\u00a0 de higiene.<\/p>\n<p>&nbsp;<\/p>\n<p><strong>Modo de lavado:<\/strong><\/p>\n<p>&nbsp;<\/p>\n<p><strong>Rodillera Plus\u00a0<\/strong>\u00a0puede limpiarse con un cepillo h\u00famedo de felpa fina asegur\u00e1ndose de no humedecer demasiado, despu\u00e9s dejar secar al sol.<\/p>\n<p>&nbsp;<\/p>\n","protected":false},"excerpt":{"rendered":"<p>Activan los puntos meridianos de acupuntura y articulaciones de la rodilla.<\/p>\n<p><strong>INCLUYE:\u00a0<\/strong> 2\u00a0 rodilleras unitalla<\/p>\n","protected":false},"featured_media":13295,"comment_status":"open","ping_status":"closed","template":"","meta":{"_joinchat":[]},"product_cat":[62,63],"product_tag":[],"jetpack_sharing_enabled":true,"_links":{"self":[{"href":"https:\/\/investigacionestecnologicas.com\/index.php?rest_route=\/wp\/v2\/product\/1522"}],"collection":[{"href":"https:\/\/investigacionestecnologicas.com\/index.php?rest_route=\/wp\/v2\/product"}],"about":[{"href":"https:\/\/investigacionestecnologicas.com\/index.php?rest_route=\/wp\/v2\/types\/product"}],"replies":[{"embeddable":true,"href":"https:\/\/investigacionestecnologicas.com\/index.php?rest_route=%2Fwp%2Fv2%2Fcomments&post=1522"}],"wp:featuredmedia":[{"embeddable":true,"href":"https:\/\/investigacionestecnologicas.com\/index.php?rest_route=\/wp\/v2\/media\/13295"}],"wp:attachment":[{"href":"https:\/\/investigacionestecnologicas.com\/index.php?rest_route=%2Fwp%2Fv2%2Fmedia&parent=1522"}],"wp:term":[{"taxonomy":"product_cat","embeddable":true,"href":"https:\/\/investigacionestecnologicas.com\/index.php?rest_route=%2Fwp%2Fv2%2Fproduct_cat&post=1522"},{"taxonomy":"product_tag","embeddable":true,"href":"https:\/\/investigacionestecnologicas.com\/index.php?rest_route=%2Fwp%2Fv2%2Fproduct_tag&post=1522"}],"curies":[{"name":"wp","href":"https:\/\/api.w.org\/{rel}","templated":true}]}}