{"id":1704,"date":"2018-09-15T23:04:27","date_gmt":"2018-09-15T23:04:27","guid":{"rendered":"http:\/\/investigacionestecnologicas.com\/?post_type=product&#038;p=1704"},"modified":"2025-05-23T01:25:38","modified_gmt":"2025-05-23T01:25:38","slug":"ajo-g","status":"publish","type":"product","link":"https:\/\/investigacionestecnologicas.com\/?product=ajo-g","title":{"rendered":"4 FRASCOS DE AJO G"},"content":{"rendered":"<h2><strong>AJO G<\/strong><\/h2>\n<p>Producto 100% natural elaborado en grageas, se extrae de los aceites y todas las\u00a0 propiedades esenciales m\u00e1s importantes del ajo al natural con perejil\u00a0\u00a0<strong>El AJO G<\/strong> no huele, no lastima el est\u00f3mago, no transpira ni desecha, porque todo se aprovecha mediante fructosas y lipoenzimas naturales<\/p>\n<p><strong>Presentaci\u00f3n:<\/strong> Frasco con 30 grageas.<\/p>\n<p><strong>Beneficios:<\/strong><\/p>\n<ul>\n<li>Act\u00faa eficazmente en el tratamiento de infecciones en las v\u00edas respiratorias<\/li>\n<li>Antis\u00e9ptico y diur\u00e9tico natural.<\/li>\n<li>Desparasita<\/li>\n<li>Desintoxica el organismo<\/li>\n<li>Evita la formaci\u00f3n del colesterol y triglic\u00e9ridos de alto peso molecular que provienen de los alimentos.<\/li>\n<li>Regula la presi\u00f3n arterial.<\/li>\n<li>Excelente auxiliar en el tratamiento de artritis y reumatismo.<\/li>\n<li>Incrementa el sistema inmunol\u00f3gico (por su concentraci\u00f3n de prote\u00ednas 17%)<\/li>\n<li>Anticoagulante natural (evita los agregados de plaquetas y formaci\u00f3n de co\u00e1gulos).<\/li>\n<\/ul>\n<p><strong>\u00a0<\/strong><\/p>\n<p><strong>Aplicaciones:<\/strong><\/p>\n<ul>\n<li>Previene y elimina infecciones en las v\u00edas respiratorias altas (catarro, gripe, resfriado)<\/li>\n<li>Act\u00faa en trastornos de tubo digestivo (desparasitarte, infecciones leves).<\/li>\n<li>Otras aplicaciones (en el tratamiento de hemorroides, evita la formaci\u00f3n de co\u00e1gulos, en el tratamiento de pie diab\u00e9tico, en el tratamiento de vaginitis).<\/li>\n<\/ul>\n<p><strong>\u00a0<\/strong><\/p>\n<p><strong>Modo de empleo:<\/strong><\/p>\n<ul>\n<li>CONSUMO RECOMENDADO 1 GRAGEA AL DIA.<\/li>\n<li>Para desintoxicar. Una gragea 15 minutos antes de cada alimento.<\/li>\n<li>Como diur\u00e9tico. 2 grageas 15 minutos antes de cada alimento.<\/li>\n<li>Como desparasitaste. 2 grageas 15 minutos antes de cada alimento.<\/li>\n<li>Como anti-gripal. 3 grageas con t\u00e9 caliente 15 minutos antes de cada alimento.<\/li>\n<\/ul>\n","protected":false},"excerpt":{"rendered":"<p>Excelente auxiliar en artritis, regula presi\u00f3n arterial e incrementa el sistema inmunol\u00f3gico<\/p>\n<p><strong>INCLUYE:<\/strong> 4 frascos con 60 grageas c\/u<\/p>\n","protected":false},"featured_media":13259,"comment_status":"open","ping_status":"closed","template":"redux-templates_canvas","meta":{"_joinchat":[]},"product_cat":[62,63],"product_tag":[],"jetpack_sharing_enabled":true,"_links":{"self":[{"href":"https:\/\/investigacionestecnologicas.com\/index.php?rest_route=\/wp\/v2\/product\/1704"}],"collection":[{"href":"https:\/\/investigacionestecnologicas.com\/index.php?rest_route=\/wp\/v2\/product"}],"about":[{"href":"https:\/\/investigacionestecnologicas.com\/index.php?rest_route=\/wp\/v2\/types\/product"}],"replies":[{"embeddable":true,"href":"https:\/\/investigacionestecnologicas.com\/index.php?rest_route=%2Fwp%2Fv2%2Fcomments&post=1704"}],"wp:featuredmedia":[{"embeddable":true,"href":"https:\/\/investigacionestecnologicas.com\/index.php?rest_route=\/wp\/v2\/media\/13259"}],"wp:attachment":[{"href":"https:\/\/investigacionestecnologicas.com\/index.php?rest_route=%2Fwp%2Fv2%2Fmedia&parent=1704"}],"wp:term":[{"taxonomy":"product_cat","embeddable":true,"href":"https:\/\/investigacionestecnologicas.com\/index.php?rest_route=%2Fwp%2Fv2%2Fproduct_cat&post=1704"},{"taxonomy":"product_tag","embeddable":true,"href":"https:\/\/investigacionestecnologicas.com\/index.php?rest_route=%2Fwp%2Fv2%2Fproduct_tag&post=1704"}],"curies":[{"name":"wp","href":"https:\/\/api.w.org\/{rel}","templated":true}]}}