{"id":848,"date":"2016-09-19T22:58:36","date_gmt":"2016-09-19T22:58:36","guid":{"rendered":"http:\/\/www.desarrolloscientificos.com\/?post_type=product&#038;p=848"},"modified":"2025-02-21T00:27:13","modified_gmt":"2025-02-21T00:27:13","slug":"glucoajo","status":"publish","type":"product","link":"https:\/\/investigacionestecnologicas.com\/?product=glucoajo","title":{"rendered":"8 FRASCOS DE GLUCOAJOC2"},"content":{"rendered":"<p><small>Algunas de nuestros contenidos multimedia o promos aplican restricciones seg\u00fan el horario de transmisi\u00f3n. Favor de consultar promociones vigentes al tel\u00e9fono 5517137636<br \/>\n<\/small><\/p>\n<table>\n<tbody>\n<tr>\n<td>Producto desarrollado por: Egresados del IPN. Glucoajo C2 es la formulaci\u00f3n compleja que concentra \u00a050 cabezas de ajo en una sola c\u00e1psula adem\u00e1s se fortaleci\u00f3 combin\u00e1ndolo con glucosamina, cart\u00edlago de tibur\u00f3n y col\u00e1geno convirti\u00e9ndola en una perfecta combinaci\u00f3n<\/td>\n<\/tr>\n<tr>\n<td>Contenido Neto: 60 c\u00e1psulas 400 mg c\/u<\/td>\n<\/tr>\n<tr>\n<td>Nueva alternativa para poder mantenernos saludables, buscando la forma de desintoxicarnos y subiendo nuestro sistema inmunol\u00f3gico<\/td>\n<\/tr>\n<tr>\n<td>evitar infecciones de las v\u00edas respiratorias y de tracto digestivo<\/td>\n<\/tr>\n<tr>\n<td>auxiliar en la artritis reumatoide<\/td>\n<\/tr>\n<tr>\n<td>evita la formaci\u00f3n de colesterol trigliceridos<\/td>\n<\/tr>\n<tr>\n<td>formaci\u00f3n \u00a0hemorroides<\/td>\n<\/tr>\n<tr>\n<td>formaci\u00f3n de \u00a0pie diab\u00e9tico<\/td>\n<\/tr>\n<tr>\n<td>evita la formaci\u00f3n de co\u00e1gulos por una mala circulaci\u00f3n sangu\u00ednea<\/td>\n<\/tr>\n<tr>\n<td>&#8221;\u00a0es un sedante natural \u00a0para el estr\u00e9s. &#8221;<\/p>\n<p>&nbsp;<\/td>\n<\/tr>\n<tr>\n<td>Modo de empleo:<\/td>\n<\/tr>\n<tr>\n<td>* Tomar 2 capsulas al d\u00eda.<\/td>\n<\/tr>\n<tr>\n<td><\/td>\n<\/tr>\n<tr>\n<td>Ingredientes<\/td>\n<\/tr>\n<tr>\n<td>AJO DESHIDRATADO<\/td>\n<\/tr>\n<tr>\n<td>GLUCOSAMINA<\/td>\n<\/tr>\n<tr>\n<td>&#8220;CART\u00cdLAGO DE TIBUR\u00d3N &#8220;<\/td>\n<\/tr>\n<tr>\n<td>&#8221;\u00a0COL\u00c1GENO HIDROLIZADO &#8220;<\/td>\n<\/tr>\n<tr>\n<td><\/td>\n<\/tr>\n<tr>\n<td>Leyendas Precautorias<\/td>\n<\/tr>\n<tr>\n<td>Consumir mayores de 15 a\u00f1os<\/td>\n<\/tr>\n<tr>\n<td>&#8221; Si es intolerante a alguno de los ingredientes de la formulaci\u00f3n evite su uso. &#8220;<\/td>\n<\/tr>\n<tr>\n<td>No consumir personas embarazadas o en lactancia<\/td>\n<\/tr>\n<\/tbody>\n<\/table>\n","protected":false},"excerpt":{"rendered":"<p>Auxiliar en artritis reumatoide,eleva el sistema inmunologico evita la formacion de colesterol y trigliceridos.<\/p>\n<p><strong>INCLUYE:\u00a0\u00a0<\/strong>8 frascos de 60 capsulas c\/u<\/p>\n","protected":false},"featured_media":13538,"comment_status":"open","ping_status":"closed","template":"","meta":{"_joinchat":[]},"product_cat":[62,63],"product_tag":[],"jetpack_sharing_enabled":true,"_links":{"self":[{"href":"https:\/\/investigacionestecnologicas.com\/index.php?rest_route=\/wp\/v2\/product\/848"}],"collection":[{"href":"https:\/\/investigacionestecnologicas.com\/index.php?rest_route=\/wp\/v2\/product"}],"about":[{"href":"https:\/\/investigacionestecnologicas.com\/index.php?rest_route=\/wp\/v2\/types\/product"}],"replies":[{"embeddable":true,"href":"https:\/\/investigacionestecnologicas.com\/index.php?rest_route=%2Fwp%2Fv2%2Fcomments&post=848"}],"wp:featuredmedia":[{"embeddable":true,"href":"https:\/\/investigacionestecnologicas.com\/index.php?rest_route=\/wp\/v2\/media\/13538"}],"wp:attachment":[{"href":"https:\/\/investigacionestecnologicas.com\/index.php?rest_route=%2Fwp%2Fv2%2Fmedia&parent=848"}],"wp:term":[{"taxonomy":"product_cat","embeddable":true,"href":"https:\/\/investigacionestecnologicas.com\/index.php?rest_route=%2Fwp%2Fv2%2Fproduct_cat&post=848"},{"taxonomy":"product_tag","embeddable":true,"href":"https:\/\/investigacionestecnologicas.com\/index.php?rest_route=%2Fwp%2Fv2%2Fproduct_tag&post=848"}],"curies":[{"name":"wp","href":"https:\/\/api.w.org\/{rel}","templated":true}]}}