{"id":860,"date":"2016-09-19T23:09:27","date_gmt":"2016-09-19T23:09:27","guid":{"rendered":"http:\/\/www.desarrolloscientificos.com\/?post_type=product&#038;p=860"},"modified":"2025-03-29T22:16:24","modified_gmt":"2025-03-29T22:16:24","slug":"fructuano-molecular-de-agave","status":"publish","type":"product","link":"https:\/\/investigacionestecnologicas.com\/?product=fructuano-molecular-de-agave","title":{"rendered":"4 FRASCOS DE FRUCTANO MOLECULAR DE AGAVE"},"content":{"rendered":"<p>Sab\u00edas que en M\u00e9xico 6.4 millones de personas padecen Diabetes, siendo esta la segunda causa de muerte\u00a1\u00a1\u00a1, Es tiempo de prevenir esta enfermedad y si ya la padeces tienes la oportunidad de mejorar la calidad de tu vida.<\/p>\n<p>Investigadores del Instituto Politecnico Nacional desarrollaron Fructano molecular de agave es un producto 100% de origen natural, extra\u00eddo del agave azul que ayuda principalmente a regular la glucosa activando las c\u00e9lulas del p\u00e1ncreas para producir de manera natural la insulina que el cuerpo necesita. Se ha demostrado que ayuda al tratamiento de la terrible colitis, gastritis y reflujo, regula los niveles de colesterol y triglic\u00e9ridos.<\/p>\n<ol>\n<li>AYUDA A EL P\u00c1NCREAS A LIBERAR INSULINA POCO APOCO,<\/li>\n<\/ol>\n<p>QUIERE DECIR QUE AYUDA A REGULARLO.<\/p>\n<ol>\n<li>REDUCE LA GLUCOSA EN SANGRE.<\/li>\n<li>MEJORA EL FUNCIONAMIENTO DE LOS RI\u00d1ONES.<\/li>\n<li>EVITA LA RETENCI\u00d3N DE L\u00cdQUIDOS.<\/li>\n<li>EVITA Y PREVIENE INFARTOS DEL CORAZ\u00d3N<\/li>\n<li>EVITA C\u00c1LCULOS RENALES.<\/li>\n<li>AYUDA A REGENERAR LA SANGRE.<\/li>\n<li>EXCELENTE AUXILIAR EN PROBLEMAS DE COLITIS.<\/li>\n<\/ol>\n<ol>\n<li>REGENERA LA FLORA INTESTINAL, POR ESO ES EFICAZ EN PROBLEMAS DE GASTRITIS.<\/li>\n<li>MEJORA LA ACTIVIDAD SEXUAL.<\/li>\n<li>Y PUEDE SER ADMINISTRADO DESDE BEB\u00c9S HASTA ADULTOS MAYORES SIN NINGUNA CONTRA INDICACI\u00d3N POR SU ESTADO 100% NATURAL Y NO MODIFICA LOS SABORES DE NADA GRACIAS A QUE ES NEUTRA.<\/li>\n<\/ol>\n<p>&nbsp;<\/p>\n<p>\u00bfCOMO DEBE SER ADMINISTRADO?<\/p>\n<p>TOMARSE MEDIA CUCHARADITA CAFETERA POR LA MA\u00d1ANA Y MEDIA POR LA NOCHE<\/p>\n<p>PREFERENTEMENTE CON ALIMENTOS.<\/p>\n<p>&nbsp;<\/p>\n<p>NOTA ESTE PRODUCTO CUENTA CON CERTIFICADOS MUY IMPORTANTES COMO:<\/p>\n<ol>\n<li>TAMBI\u00c9N CONTAMOS CON EL CERTIFICADO KOSHER.<\/li>\n<li>Y POR \u00daLTIMO EST\u00c1 AVALADO POR EL CENTRO ANTIDIAB\u00c9TICO M\u00c9XICO.<\/li>\n<\/ol>\n<p>&nbsp;<\/p>\n<p>CONTENIDO NETO: 100g.<\/p>\n","protected":false},"excerpt":{"rendered":"<p>Regula glucosa, eficaz para el tratamiento de colitis gastritis y reflujo; mejora la actividad sexual.<\/p>\n<p><strong>INCLUYE: 4<\/strong> frascos de 100 gr c\/u<\/p>\n","protected":false},"featured_media":13537,"comment_status":"open","ping_status":"closed","template":"","meta":{"_joinchat":[]},"product_cat":[62,63],"product_tag":[],"jetpack_sharing_enabled":true,"_links":{"self":[{"href":"https:\/\/investigacionestecnologicas.com\/index.php?rest_route=\/wp\/v2\/product\/860"}],"collection":[{"href":"https:\/\/investigacionestecnologicas.com\/index.php?rest_route=\/wp\/v2\/product"}],"about":[{"href":"https:\/\/investigacionestecnologicas.com\/index.php?rest_route=\/wp\/v2\/types\/product"}],"replies":[{"embeddable":true,"href":"https:\/\/investigacionestecnologicas.com\/index.php?rest_route=%2Fwp%2Fv2%2Fcomments&post=860"}],"wp:featuredmedia":[{"embeddable":true,"href":"https:\/\/investigacionestecnologicas.com\/index.php?rest_route=\/wp\/v2\/media\/13537"}],"wp:attachment":[{"href":"https:\/\/investigacionestecnologicas.com\/index.php?rest_route=%2Fwp%2Fv2%2Fmedia&parent=860"}],"wp:term":[{"taxonomy":"product_cat","embeddable":true,"href":"https:\/\/investigacionestecnologicas.com\/index.php?rest_route=%2Fwp%2Fv2%2Fproduct_cat&post=860"},{"taxonomy":"product_tag","embeddable":true,"href":"https:\/\/investigacionestecnologicas.com\/index.php?rest_route=%2Fwp%2Fv2%2Fproduct_tag&post=860"}],"curies":[{"name":"wp","href":"https:\/\/api.w.org\/{rel}","templated":true}]}}