{"id":871,"date":"2016-09-19T23:17:48","date_gmt":"2016-09-19T23:17:48","guid":{"rendered":"http:\/\/www.desarrolloscientificos.com\/?post_type=product&#038;p=871"},"modified":"2025-05-30T21:01:30","modified_gmt":"2025-05-30T21:01:30","slug":"plantilla-varico-ceramic","status":"publish","type":"product","link":"https:\/\/investigacionestecnologicas.com\/?product=plantilla-varico-ceramic","title":{"rendered":"3 PARES DE PLANTILLAS VARICO CERAMIC"},"content":{"rendered":"<p>Elaboradas con materiales de \u00faltima generaci\u00f3n, contiene un disco cer\u00e1mico y \u00a0burbujas cristalizadas\u00a0 (puntas salientes). Que al colocarse\u00a0 en los zapatos\u00a0 aplican una presi\u00f3n\u00a0 sobre los puntos de reflexolog\u00eda\u00a0 de la\u00a0 planta de los pies encargados de la circulaci\u00f3n\u00a0 sangu\u00ednea, desapareciendo paulatinamente las varices, evitando molestias de pesadez, hinchaz\u00f3n, dolor, hormigueo, calambres y retenci\u00f3n de l\u00edquidos.<\/p>\n<p><strong>Modo de uso<\/strong><\/p>\n<p>Deben de colocarse estas plantillas del tal\u00f3n hacia adelante\u00a0 porque ah\u00ed inician las terminaciones nerviosas y con las burbujas cristalizadas\u00a0 hacia arriba.<\/p>\n<p>Se recomienda utilizar las plantillas al principio por un lapso m\u00ednimo de 2 horas e ir aumentando paulatinamente el uso sin exceder un m\u00e1ximo de 8 horas al d\u00eda.<\/p>\n<p><strong>Duraci\u00f3n:<\/strong> 3 meses en uso normal.<\/p>\n<p>Cuenta con un adhesivo en la parte posterior para que no se desplace hacia la parte de enfrente.<\/p>\n<p>Las plantillas <strong>VARICO CERAMIC<\/strong> son relajantes, c\u00f3modas y confortables.<\/p>\n<p>No hacen que el pie sude, contiene un anti-nic\u00f3tico que evita malos olores, es unitalla apropiado para hombres y mujeres, util\u00edcelo con calzado cerrado.<\/p>\n<p><strong>Contra indicaciones:<\/strong><\/p>\n<ul>\n<li>No utilizar mujeres embarazadas y personas con marcapasos (ya que los discos cer\u00e1micos\u00a0 Generan ondas que pueden hacer que se detenga el funcionamiento del marcapasos).<\/li>\n<\/ul>\n<ul>\n<li>Si el producto le genera molestias suspenda su uso.<\/li>\n<\/ul>\n","protected":false},"excerpt":{"rendered":"<p>Disminuye varices, evitando molestias de pesadez, hinchaz\u00f3n, dolor, hormigueo, calambres y retenci\u00f3n de l\u00edquidos.<\/p>\n<p><strong>INCLUYE:\u00a0<\/strong>3 Pares de Plantillas por tan solo:<\/p>\n","protected":false},"featured_media":13289,"comment_status":"open","ping_status":"closed","template":"","meta":{"_joinchat":[]},"product_cat":[62,63],"product_tag":[],"jetpack_sharing_enabled":true,"_links":{"self":[{"href":"https:\/\/investigacionestecnologicas.com\/index.php?rest_route=\/wp\/v2\/product\/871"}],"collection":[{"href":"https:\/\/investigacionestecnologicas.com\/index.php?rest_route=\/wp\/v2\/product"}],"about":[{"href":"https:\/\/investigacionestecnologicas.com\/index.php?rest_route=\/wp\/v2\/types\/product"}],"replies":[{"embeddable":true,"href":"https:\/\/investigacionestecnologicas.com\/index.php?rest_route=%2Fwp%2Fv2%2Fcomments&post=871"}],"wp:featuredmedia":[{"embeddable":true,"href":"https:\/\/investigacionestecnologicas.com\/index.php?rest_route=\/wp\/v2\/media\/13289"}],"wp:attachment":[{"href":"https:\/\/investigacionestecnologicas.com\/index.php?rest_route=%2Fwp%2Fv2%2Fmedia&parent=871"}],"wp:term":[{"taxonomy":"product_cat","embeddable":true,"href":"https:\/\/investigacionestecnologicas.com\/index.php?rest_route=%2Fwp%2Fv2%2Fproduct_cat&post=871"},{"taxonomy":"product_tag","embeddable":true,"href":"https:\/\/investigacionestecnologicas.com\/index.php?rest_route=%2Fwp%2Fv2%2Fproduct_tag&post=871"}],"curies":[{"name":"wp","href":"https:\/\/api.w.org\/{rel}","templated":true}]}}