{"id":877,"date":"2016-09-20T15:12:59","date_gmt":"2016-09-20T15:12:59","guid":{"rendered":"http:\/\/www.desarrolloscientificos.com\/?post_type=product&#038;p=877"},"modified":"2024-11-11T03:17:45","modified_gmt":"2024-11-11T03:17:45","slug":"soporte-lumbar-ceramic-confort","status":"publish","type":"product","link":"https:\/\/investigacionestecnologicas.com\/?product=soporte-lumbar-ceramic-confort","title":{"rendered":"2 FAJAS CINTURILLA CERAMIC CONFORT"},"content":{"rendered":"<p>La faja cinturilla CERAMIC CONFORT \u00a0es una investigaci\u00f3n realizada por los Cient\u00edficos Egresados\u00a0 del Instituto Polit\u00e9cnico Nacional, dise\u00f1ada para corregir, aliviar y rehabilitar los distintos padecimientos en nuestra columna vertebral.<\/p>\n<p>CERAMIC CONFORT est\u00e1 elaborada con una combinaci\u00f3n\u00a0 de Discos Cer\u00e1micos de Turmalina combinados con el\u00e1sticos respirables unidos a pilares de esponjas. EMITIENDO RAYOS INFRARROJOS CREANDO CALOR TERAPEUTICO logrando mejorar as\u00ed la circulaci\u00f3n sangu\u00ednea y la regeneraci\u00f3n celular obteniendo resultados\u00a0 inmediatos, seguros y confiables<\/p>\n<p><strong>Beneficios:<\/strong><\/p>\n<ul>\n<li>Corrige la postura<\/li>\n<li>Alivia dolor de artrosis lumbar<\/li>\n<li>Tensi\u00f3n muscular<\/li>\n<li>Ci\u00e1tica<\/li>\n<li>Tensi\u00f3n de hombros<\/li>\n<li>Zona cervical<\/li>\n<li>Promueve la circulaci\u00f3n<\/li>\n<\/ul>\n<p>A si mismo tiene discos cer\u00e1micos en la parte del abdomen que nos ayudan a:<\/p>\n<ul>\n<li>Eliminar los c\u00f3licos menstruales.<\/li>\n<li>Desinflama el vientre o abdomen.<\/li>\n<li>Corrige el estre\u00f1imiento y mala digesti\u00f3n.<\/li>\n<li>Desinflama el intestino.<\/li>\n<li>Estimula el metabolismo.<\/li>\n<\/ul>\n<p><strong>\u00a0Precauciones.<\/strong><\/p>\n<p><strong>\u00a0<\/strong>Debido a los magnetos que posee <strong>CERAMIC CONFORT<\/strong> no debe de usarse por, personas que utilicen marcapasos o alg\u00fan aparato el\u00e9ctrico en el cuerpo, ni durante el embarazo.<\/p>\n<p><strong>CERAMIC CONFORT<\/strong> solamente debe de ser utilizado por solo una persona por cuesti\u00f3n\u00a0 de higiene.<\/p>\n<p><strong>Modo de lavado<\/strong><\/p>\n<p><strong>SLIM PRO<\/strong> puede limpiarse con un cepillo h\u00famedo de felpa fina, asegur\u00e1ndose de no humedecer demasiado, despu\u00e9s dejar secar al sol.<\/p>\n","protected":false},"excerpt":{"rendered":"<p>Cinturon terap\u00e9utico corrige alivia y rehabilita distintos padecimientos de zona lumbar<\/p>\n<p><strong>INCLUYE:\u00a0<\/strong>2 SOPORTES LUMBAR Y UNA POMADA<\/p>\n","protected":false},"featured_media":13276,"comment_status":"open","ping_status":"closed","template":"","meta":{"_joinchat":[]},"product_cat":[62,63],"product_tag":[],"jetpack_sharing_enabled":true,"_links":{"self":[{"href":"https:\/\/investigacionestecnologicas.com\/index.php?rest_route=\/wp\/v2\/product\/877"}],"collection":[{"href":"https:\/\/investigacionestecnologicas.com\/index.php?rest_route=\/wp\/v2\/product"}],"about":[{"href":"https:\/\/investigacionestecnologicas.com\/index.php?rest_route=\/wp\/v2\/types\/product"}],"replies":[{"embeddable":true,"href":"https:\/\/investigacionestecnologicas.com\/index.php?rest_route=%2Fwp%2Fv2%2Fcomments&post=877"}],"wp:featuredmedia":[{"embeddable":true,"href":"https:\/\/investigacionestecnologicas.com\/index.php?rest_route=\/wp\/v2\/media\/13276"}],"wp:attachment":[{"href":"https:\/\/investigacionestecnologicas.com\/index.php?rest_route=%2Fwp%2Fv2%2Fmedia&parent=877"}],"wp:term":[{"taxonomy":"product_cat","embeddable":true,"href":"https:\/\/investigacionestecnologicas.com\/index.php?rest_route=%2Fwp%2Fv2%2Fproduct_cat&post=877"},{"taxonomy":"product_tag","embeddable":true,"href":"https:\/\/investigacionestecnologicas.com\/index.php?rest_route=%2Fwp%2Fv2%2Fproduct_tag&post=877"}],"curies":[{"name":"wp","href":"https:\/\/api.w.org\/{rel}","templated":true}]}}