{"id":9794,"date":"2020-06-02T23:59:12","date_gmt":"2020-06-02T23:59:12","guid":{"rendered":"https:\/\/investigacionestecnologicas.com\/?post_type=product&#038;p=9794"},"modified":"2026-04-14T19:07:44","modified_gmt":"2026-04-14T19:07:44","slug":"moringa","status":"publish","type":"product","link":"https:\/\/investigacionestecnologicas.com\/?product=moringa","title":{"rendered":"6 FRASCOS MORINGA"},"content":{"rendered":"<p>MORINGA<br \/>\n60 CAPSULAS<\/p>\n<p>BENEFICIOS<br \/>\nLos beneficios del consumo de la moringa son:<\/p>\n<p>1. Incrementa las defensas naturales del cuerpo.<\/p>\n<p>2. Promueve la estructura celular del cuerpo.<\/p>\n<p>3. Controla de forma natural los niveles de colesterol s\u00e9rico.<\/p>\n<p>4. Reduce la aparici\u00f3n de arrugas y l\u00edneas finas.<\/p>\n<p>5. Promueve el funcionamiento normal del h\u00edgado y el ri\u00f1\u00f3n.<\/p>\n<p>6. Embellece la piel.<\/p>\n<p>7. Proporciona energ\u00eda.<\/p>\n<p>8. Promueve una correcta digesti\u00f3n.<\/p>\n<p>9. Act\u00faa como antioxidante.<\/p>\n<p>10. Proporciona un sistema circulatorio saludable.<\/p>\n<p>11. Es un anti-inflamatorio.<\/p>\n<p>12. Produce una sensaci\u00f3n de bienestar general.<\/p>\n<p>La lista de los Minerales presentes en la Moringa es larga y entre los m\u00e1s importantes est\u00e1n incluidos el Calcio, Cobre, Hierro, Potasio, magnesio y Zinc. El Calcio es uno de los Minerales m\u00e1s importantes para el crecimiento, el mantenimiento y la reproducci\u00f3n del cuerpo. La coagulaci\u00f3n de la sangre, la transmisi\u00f3n de los impulsos de los nervios, contracci\u00f3n y relajaci\u00f3n de los m\u00fasculos, latido normal del coraz\u00f3n, estimulaci\u00f3n de la secreci\u00f3n de hormonas, activaci\u00f3n de la reacci\u00f3n de las enzimas, como tambi\u00e9n otras funciones, requieren todos peque\u00f1as cuantidades de Calcio. La Moringa es la fuente m\u00e1s rica de Calcio encontrado en material vegetal y posee 17 veces m\u00e1s Calcio que la leche, ayuda a prevenir la osteoporosis durante la vejez y refuerza los huesos de los j\u00f3venes y los de mediana edad. La Moringa, con 23 veces m\u00e1s Hierro que las espinacas, ayuda<\/p>\n<p>en la formaci\u00f3n de hemoglobina y mioglobina, los cuales llevan el oxigeno a la sangre y los m\u00fasculos.<\/p>\n<p>El Hierro tambi\u00e9n forma parte de muchas prote\u00ednas y enzimas en el cuerpo. Su deficiencia produce la debilitaci\u00f3n del sistema inmunol\u00f3gico, mientras que su consumo ayuda a mejorar la agilidad mental, ya que aumenta el abastecimiento del oxigeno hacia el cerebro. La Moringa, con 15 veces m\u00e1s potasio que los pl\u00e1tanos, auxilia la regulaci\u00f3n del balance de acido-b\u00e1sico y el agua en la sangre y los tejidos del cuerpo. Como la fuente m\u00e1s rica de Calcio y de Potasio, ayuda a reducir la presi\u00f3n arterial. Auxilia la s\u00edntesis de la prote\u00edna de amino \u00e1cidos y el metabolismo de carbohidratos. El calcio es tambi\u00e9n necesario para el desarrollo de los m\u00fasculos y el crecimiento normal del cuerpo.<\/p>\n<p>La Moringa posee aproximadamente 46 antioxidantes y es una de las fuentes m\u00e1s poderosas de antioxidantes naturales. Los antioxidantes proporcionan los \u00e1tomos libres que el cuerpo necesita y reducen el efecto de los Radicales Libres. Esta propiedad antioxidante ayuda a la prevenci\u00f3n de formaciones malignas. Las hojas de la Moringa son ricas en Flavonoides, un tipo de antioxidantes. Los mayores antioxidantes presentes son: Quercetina, Kaempferol, Beta-Sisterol, \u00e1cido Caffeoylquinic y Zeatina. Los antioxidantes juegan un papel importante en controlar los s\u00edntomas del proceso de envejecimiento y mejoran la salud cardiovascular.<\/p>\n<p>Adem\u00e1s, la Vitamina C y la Vitamina E presentes en la Moringa funcionan tambi\u00e9n como antioxidantes. Las investigaciones confirman la presencia de fitonutrientes en las hojas y semillas de Moringa, considerados como componentes org\u00e1nicos promotores de salud. Los Fitonutrientes presentes en la Moringa incluyen Alpha caroteno, Beta-Caroteno, Lute\u00edna, Zeaxanthin y Clorofila. Los Fitonutrientes limpian el cuerpo de toxinas, purifican los ri\u00f1ones, ayudan a fortalecer el sistema inmunol\u00f3gico, a reconstruir los gl\u00f3bulos rojos en la sangre y, m\u00e1s importante a\u00fan, a rejuvenecer el cuerpo al nivel de las c\u00e9lulas. Todos estos nutrientes conforman un suplemento nutricional completo para el bienestar de nuestra salud.<\/p>\n","protected":false},"excerpt":{"rendered":"<p>La Moringa (Moringa Oleifera) presenta un alto contenido de prote\u00ednas, vitaminas, minerales y una cantidad excepcional de antioxidantes que le confieren cualidades sobresalientes en la nutrici\u00f3n y salud humana.<\/p>\n<p>INCLUYE: 6 fcos con 60 capsulas c\/u<\/p>\n","protected":false},"featured_media":13540,"comment_status":"open","ping_status":"closed","template":"","meta":{"_joinchat":[]},"product_cat":[62,63],"product_tag":[],"jetpack_sharing_enabled":true,"_links":{"self":[{"href":"https:\/\/investigacionestecnologicas.com\/index.php?rest_route=\/wp\/v2\/product\/9794"}],"collection":[{"href":"https:\/\/investigacionestecnologicas.com\/index.php?rest_route=\/wp\/v2\/product"}],"about":[{"href":"https:\/\/investigacionestecnologicas.com\/index.php?rest_route=\/wp\/v2\/types\/product"}],"replies":[{"embeddable":true,"href":"https:\/\/investigacionestecnologicas.com\/index.php?rest_route=%2Fwp%2Fv2%2Fcomments&post=9794"}],"wp:featuredmedia":[{"embeddable":true,"href":"https:\/\/investigacionestecnologicas.com\/index.php?rest_route=\/wp\/v2\/media\/13540"}],"wp:attachment":[{"href":"https:\/\/investigacionestecnologicas.com\/index.php?rest_route=%2Fwp%2Fv2%2Fmedia&parent=9794"}],"wp:term":[{"taxonomy":"product_cat","embeddable":true,"href":"https:\/\/investigacionestecnologicas.com\/index.php?rest_route=%2Fwp%2Fv2%2Fproduct_cat&post=9794"},{"taxonomy":"product_tag","embeddable":true,"href":"https:\/\/investigacionestecnologicas.com\/index.php?rest_route=%2Fwp%2Fv2%2Fproduct_tag&post=9794"}],"curies":[{"name":"wp","href":"https:\/\/api.w.org\/{rel}","templated":true}]}}